{"id":1414559,"date":"2021-09-29T18:01:40","date_gmt":"2021-09-29T16:01:40","guid":{"rendered":"https:\/\/www.mapiful.com\/product\/handlenett-pingvin\/"},"modified":"2021-10-21T11:12:22","modified_gmt":"2021-10-21T09:12:22","slug":"handlenett-pingvin","status":"publish","type":"product","link":"https:\/\/www.mapiful.com\/nb\/product\/handlenett-pingvin\/","title":{"rendered":"Handlenett \u2013 Pingvin"},"content":{"rendered":"<p>Disse tilpassede, flotte og praktiske handlenettene dekker barnets behov. <\/p>\n<p> &nbsp;<\/p>\n<p> Med:<br \/>\n &#8211; Forsterkede s\u00f8mmer p\u00e5 h\u00e5ndtakene<br \/>\n &#8211; 10 liter lastekapasitet<br \/>\n &#8211; 100 % bomull, 310-400 g\/m2<\/p>\n<p> &nbsp;<\/p>\n<p>P\u00e5 grunn av at v\u00e5re produkter er tilpasset deg, kan vi ikke akseptere returer eller bytte. For ordens skyld er ikke Mapiful ansvarlig i de tilfeller der Kunden har gitt uriktig informasjon om produktet.<\/p>\n","protected":false},"excerpt":{"rendered":"<p>Disse tilpassede, flotte og praktiske handlenettene dekker barnets behov. <\/p>\n<p> &nbsp;<\/p>\n<p>Tilpass handlenettet ved \u00e5 skrive inn den valgte teksten i boksen nedenfor. <\/p>\n<p> &nbsp;<\/p>\n<p> Enten du velger \u00e5 legge til barnets navn eller bare en enkel etikett, vil det unike designet ditt v\u00e6re trykt p\u00e5 forsiden av handlenettet.<\/p>\n<p> &nbsp;<\/p>\n","protected":false},"featured_media":0,"template":"","meta":[],"product_cat":[1607,1634],"product_tag":[],"class_list":["post-1414559","product","type-product","status-publish","hentry","product_cat-barneromskolleksjonen","product_cat-premium-handlenett"],"acf":[],"featured_image_urls_v2":{"full":"","thumbnail":"","medium":"","medium_large":"","large":"","1536x1536":"","2048x2048":"","woocommerce_thumbnail":"","woocommerce_single":"","woocommerce_gallery_thumbnail":"","wc_order_status_icon":""},"post_excerpt_stackable_v2":"<p>Disse tilpassede, flotte og praktiske handlenettene dekker barnets behov. <\/p>\n<p> &nbsp;<\/p>\n<p>Tilpass handlenettet ved \u00e5 skrive inn den valgte teksten i boksen nedenfor. <\/p>\n<p> &nbsp;<\/p>\n<p> Enten du velger \u00e5 legge til barnets navn eller bare en enkel etikett, vil det unike designet ditt v\u00e6re trykt p\u00e5 forsiden av handlenettet.<\/p>\n<p> &nbsp;<\/p>\n","category_list_v2":"","author_info_v2":{"name":"","url":""},"comments_num_v2":"0 kommentarer","_links":{"self":[{"href":"https:\/\/www.mapiful.com\/nb\/wp-json\/wp\/v2\/product\/1414559"}],"collection":[{"href":"https:\/\/www.mapiful.com\/nb\/wp-json\/wp\/v2\/product"}],"about":[{"href":"https:\/\/www.mapiful.com\/nb\/wp-json\/wp\/v2\/types\/product"}],"wp:attachment":[{"href":"https:\/\/www.mapiful.com\/nb\/wp-json\/wp\/v2\/media?parent=1414559"}],"wp:term":[{"taxonomy":"product_cat","embeddable":true,"href":"https:\/\/www.mapiful.com\/nb\/wp-json\/wp\/v2\/product_cat?post=1414559"},{"taxonomy":"product_tag","embeddable":true,"href":"https:\/\/www.mapiful.com\/nb\/wp-json\/wp\/v2\/product_tag?post=1414559"}],"curies":[{"name":"wp","href":"https:\/\/api.w.org\/{rel}","templated":true}]}}