{"id":1414790,"date":"2021-09-30T11:12:45","date_gmt":"2021-09-30T09:12:45","guid":{"rendered":"https:\/\/www.mapiful.com\/product\/plakat-pingvin\/"},"modified":"2021-09-30T11:12:45","modified_gmt":"2021-09-30T09:12:45","slug":"plakat-pingvin","status":"publish","type":"product","link":"https:\/\/www.mapiful.com\/nb\/product\/plakat-pingvin\/","title":{"rendered":"Plakat \u2013 Pingvin"},"content":{"rendered":"<p>Dyreplakat av museumskvalitet trykt p\u00e5 holdbart, milj\u00f8vennlig FSC-sertifisert papir. Vi bruker tungt papir p\u00e5 200 g\/m2 med en glatt, matt finish.<\/p>\n<p> &nbsp;<\/p>\n<p>P\u00e5 grunn av at v\u00e5re produkter er tilpasset deg, kan vi ikke akseptere returer eller bytte. For ordens skyld er ikke Mapiful ansvarlig i de tilfeller der Kunden har gitt uriktig informasjon om produktet.<\/p>\n","protected":false},"excerpt":{"rendered":"<p>Personlig tilpassede plakater av h\u00f8y kvalitet lyser opp barnerommet.<\/p>\n<p> &nbsp;<\/p>\n<p>Velg st\u00f8rrelse og skriv inn den valgte teksten i boksen nedenfor for \u00e5 tilpasse plakaten. <\/p>\n<p> &nbsp;<\/p>\n<p> Enten du legger til barnets navn eller et s\u00f8tt sitat, vil den valgte teksten vises under illustrasjonen og lage en plakat som er unik for ditt barn.<\/p>\n<p> &nbsp;<\/p>\n","protected":false},"featured_media":0,"template":"","meta":[],"product_cat":[1607,1616,1831],"product_tag":[],"class_list":["post-1414790","product","type-product","status-publish","hentry","product_cat-barneromskolleksjonen","product_cat-barneromsplakater","product_cat-customisable-prints-nb"],"acf":[],"featured_image_urls_v2":{"full":"","thumbnail":"","medium":"","medium_large":"","large":"","1536x1536":"","2048x2048":"","woocommerce_thumbnail":"","woocommerce_single":"","woocommerce_gallery_thumbnail":"","wc_order_status_icon":""},"post_excerpt_stackable_v2":"<p>Personlig tilpassede plakater av h\u00f8y kvalitet lyser opp barnerommet.<\/p>\n<p> &nbsp;<\/p>\n<p>Velg st\u00f8rrelse og skriv inn den valgte teksten i boksen nedenfor for \u00e5 tilpasse plakaten. <\/p>\n<p> &nbsp;<\/p>\n<p> Enten du legger til barnets navn eller et s\u00f8tt sitat, vil den valgte teksten vises under illustrasjonen og lage en plakat som er unik for ditt barn.<\/p>\n<p> &nbsp;<\/p>\n","category_list_v2":"","author_info_v2":{"name":"","url":""},"comments_num_v2":"0 kommentarer","_links":{"self":[{"href":"https:\/\/www.mapiful.com\/nb\/wp-json\/wp\/v2\/product\/1414790"}],"collection":[{"href":"https:\/\/www.mapiful.com\/nb\/wp-json\/wp\/v2\/product"}],"about":[{"href":"https:\/\/www.mapiful.com\/nb\/wp-json\/wp\/v2\/types\/product"}],"wp:attachment":[{"href":"https:\/\/www.mapiful.com\/nb\/wp-json\/wp\/v2\/media?parent=1414790"}],"wp:term":[{"taxonomy":"product_cat","embeddable":true,"href":"https:\/\/www.mapiful.com\/nb\/wp-json\/wp\/v2\/product_cat?post=1414790"},{"taxonomy":"product_tag","embeddable":true,"href":"https:\/\/www.mapiful.com\/nb\/wp-json\/wp\/v2\/product_tag?post=1414790"}],"curies":[{"name":"wp","href":"https:\/\/api.w.org\/{rel}","templated":true}]}}