{"id":949499,"date":"2019-10-18T12:40:21","date_gmt":"2019-10-18T10:40:21","guid":{"rendered":"https:\/\/www.mapiful.com\/product\/poster-hanger-white-nb\/"},"modified":"2021-12-16T00:23:15","modified_gmt":"2021-12-15T23:23:15","slug":"poster-hanger-white-nb","status":"publish","type":"product","link":"https:\/\/www.mapiful.com\/nb\/product\/poster-hanger-white-nb\/","title":{"rendered":"HVIT PLAKATHENGER"},"content":{"rendered":"","protected":false},"excerpt":{"rendered":"<p>Velg mellom de elegante hengerne i furu, skarp hvit eller svart furu. Hver henger inneholder fire solide hengere av tre, to som festes \u00f8verst p\u00e5 trykket og to som festes nederst, og en elegant snor som passer til fargen p\u00e5 hengeren. Et flott design som viser perfekt frem plakaten din!<\/p>\n","protected":false},"featured_media":1470902,"template":"","meta":[],"product_cat":[866,864],"product_tag":[],"class_list":["post-949499","product","type-product","status-publish","has-post-thumbnail","hentry","product_cat-hangers-nb","product_cat-frames-nb","product_shipping_class-rammer"],"acf":[],"featured_image_urls_v2":{"full":["https:\/\/www.mapiful.com\/content\/uploads\/2019\/10\/White-Poster-Hanger.jpg",1000,1000,false],"thumbnail":["https:\/\/www.mapiful.com\/content\/uploads\/2019\/10\/White-Poster-Hanger-150x150.jpg",150,150,true],"medium":["https:\/\/www.mapiful.com\/content\/uploads\/2019\/10\/White-Poster-Hanger-300x300.jpg",300,300,true],"medium_large":["https:\/\/www.mapiful.com\/content\/uploads\/2019\/10\/White-Poster-Hanger-768x768.jpg",768,768,true],"large":["https:\/\/www.mapiful.com\/content\/uploads\/2019\/10\/White-Poster-Hanger.jpg",1000,1000,false],"1536x1536":["https:\/\/www.mapiful.com\/content\/uploads\/2019\/10\/White-Poster-Hanger.jpg",1000,1000,false],"2048x2048":["https:\/\/www.mapiful.com\/content\/uploads\/2019\/10\/White-Poster-Hanger.jpg",1000,1000,false],"woocommerce_thumbnail":["https:\/\/www.mapiful.com\/content\/uploads\/2019\/10\/White-Poster-Hanger-300x300.jpg",300,300,true],"woocommerce_single":["https:\/\/www.mapiful.com\/content\/uploads\/2019\/10\/White-Poster-Hanger-600x600.jpg",600,600,true],"woocommerce_gallery_thumbnail":["https:\/\/www.mapiful.com\/content\/uploads\/2019\/10\/White-Poster-Hanger-100x100.jpg",100,100,true],"wc_order_status_icon":["https:\/\/www.mapiful.com\/content\/uploads\/2019\/10\/White-Poster-Hanger-32x32.jpg",32,32,true]},"post_excerpt_stackable_v2":"<p>Velg mellom de elegante hengerne i furu, skarp hvit eller svart furu. Hver henger inneholder fire solide hengere av tre, to som festes \u00f8verst p\u00e5 trykket og to som festes nederst, og en elegant snor som passer til fargen p\u00e5 hengeren. Et flott design som viser perfekt frem plakaten din!<\/p>\n","category_list_v2":"","author_info_v2":{"name":"","url":""},"comments_num_v2":"0 kommentarer","_links":{"self":[{"href":"https:\/\/www.mapiful.com\/nb\/wp-json\/wp\/v2\/product\/949499"}],"collection":[{"href":"https:\/\/www.mapiful.com\/nb\/wp-json\/wp\/v2\/product"}],"about":[{"href":"https:\/\/www.mapiful.com\/nb\/wp-json\/wp\/v2\/types\/product"}],"wp:featuredmedia":[{"embeddable":true,"href":"https:\/\/www.mapiful.com\/nb\/wp-json\/wp\/v2\/media\/1470902"}],"wp:attachment":[{"href":"https:\/\/www.mapiful.com\/nb\/wp-json\/wp\/v2\/media?parent=949499"}],"wp:term":[{"taxonomy":"product_cat","embeddable":true,"href":"https:\/\/www.mapiful.com\/nb\/wp-json\/wp\/v2\/product_cat?post=949499"},{"taxonomy":"product_tag","embeddable":true,"href":"https:\/\/www.mapiful.com\/nb\/wp-json\/wp\/v2\/product_tag?post=949499"}],"curies":[{"name":"wp","href":"https:\/\/api.w.org\/{rel}","templated":true}]}}