{"id":949588,"date":"2019-10-18T11:28:57","date_gmt":"2019-10-18T09:28:57","guid":{"rendered":"https:\/\/www.mapiful.com\/product\/black-aluminium-picture-frame-nb\/"},"modified":"2021-12-15T14:00:21","modified_gmt":"2021-12-15T13:00:21","slug":"black-aluminium-picture-frame-nb","status":"publish","type":"product","link":"https:\/\/www.mapiful.com\/nb\/product\/black-aluminium-picture-frame-nb\/","title":{"rendered":"Metallramme i svart"},"content":{"rendered":"","protected":false},"excerpt":{"rendered":"<p>F\u00e5 et moderne preg p\u00e5 interi\u00f8ret med premium metallrammer. Du kan velge mellom gull, s\u00f8lv eller svart, og med sin smale profil passer disse rammene av h\u00f8y kvalitet perfekt til dine unike trykk! Disse sv\u00e6rt holdbare rammene er sikre og lette med 1 mm tykk pleksiglassplate som gir full fokus p\u00e5 veggkunsten din.<\/p>\n","protected":false},"featured_media":1469245,"template":"","meta":[],"product_cat":[864,865],"product_tag":[],"class_list":["post-949588","product","type-product","status-publish","has-post-thumbnail","hentry","product_cat-frames-nb","product_cat-full-frames-nb","product_shipping_class-rammer"],"acf":[],"featured_image_urls_v2":{"full":["https:\/\/www.mapiful.com\/content\/uploads\/2021\/12\/Black-Metal-Frame-Front-View.jpg",1000,1000,false],"thumbnail":["https:\/\/www.mapiful.com\/content\/uploads\/2021\/12\/Black-Metal-Frame-Front-View-150x150.jpg",150,150,true],"medium":["https:\/\/www.mapiful.com\/content\/uploads\/2021\/12\/Black-Metal-Frame-Front-View-300x300.jpg",300,300,true],"medium_large":["https:\/\/www.mapiful.com\/content\/uploads\/2021\/12\/Black-Metal-Frame-Front-View-768x768.jpg",768,768,true],"large":["https:\/\/www.mapiful.com\/content\/uploads\/2021\/12\/Black-Metal-Frame-Front-View.jpg",1000,1000,false],"1536x1536":["https:\/\/www.mapiful.com\/content\/uploads\/2021\/12\/Black-Metal-Frame-Front-View.jpg",1000,1000,false],"2048x2048":["https:\/\/www.mapiful.com\/content\/uploads\/2021\/12\/Black-Metal-Frame-Front-View.jpg",1000,1000,false],"woocommerce_thumbnail":["https:\/\/www.mapiful.com\/content\/uploads\/2021\/12\/Black-Metal-Frame-Front-View-300x300.jpg",300,300,true],"woocommerce_single":["https:\/\/www.mapiful.com\/content\/uploads\/2021\/12\/Black-Metal-Frame-Front-View-600x600.jpg",600,600,true],"woocommerce_gallery_thumbnail":["https:\/\/www.mapiful.com\/content\/uploads\/2021\/12\/Black-Metal-Frame-Front-View-100x100.jpg",100,100,true],"wc_order_status_icon":["https:\/\/www.mapiful.com\/content\/uploads\/2021\/12\/Black-Metal-Frame-Front-View-32x32.jpg",32,32,true]},"post_excerpt_stackable_v2":"<p>F\u00e5 et moderne preg p\u00e5 interi\u00f8ret med premium metallrammer. Du kan velge mellom gull, s\u00f8lv eller svart, og med sin smale profil passer disse rammene av h\u00f8y kvalitet perfekt til dine unike trykk! Disse sv\u00e6rt holdbare rammene er sikre og lette med 1 mm tykk pleksiglassplate som gir full fokus p\u00e5 veggkunsten din.<\/p>\n","category_list_v2":"","author_info_v2":{"name":"","url":""},"comments_num_v2":"0 kommentarer","_links":{"self":[{"href":"https:\/\/www.mapiful.com\/nb\/wp-json\/wp\/v2\/product\/949588"}],"collection":[{"href":"https:\/\/www.mapiful.com\/nb\/wp-json\/wp\/v2\/product"}],"about":[{"href":"https:\/\/www.mapiful.com\/nb\/wp-json\/wp\/v2\/types\/product"}],"wp:featuredmedia":[{"embeddable":true,"href":"https:\/\/www.mapiful.com\/nb\/wp-json\/wp\/v2\/media\/1469245"}],"wp:attachment":[{"href":"https:\/\/www.mapiful.com\/nb\/wp-json\/wp\/v2\/media?parent=949588"}],"wp:term":[{"taxonomy":"product_cat","embeddable":true,"href":"https:\/\/www.mapiful.com\/nb\/wp-json\/wp\/v2\/product_cat?post=949588"},{"taxonomy":"product_tag","embeddable":true,"href":"https:\/\/www.mapiful.com\/nb\/wp-json\/wp\/v2\/product_tag?post=949588"}],"curies":[{"name":"wp","href":"https:\/\/api.w.org\/{rel}","templated":true}]}}