{"id":949682,"date":"2019-10-18T10:41:11","date_gmt":"2019-10-18T08:41:11","guid":{"rendered":"https:\/\/www.mapiful.com\/product\/black-picture-frame-nb\/"},"modified":"2021-12-15T16:49:59","modified_gmt":"2021-12-15T15:49:59","slug":"black-picture-frame-nb","status":"publish","type":"product","link":"https:\/\/www.mapiful.com\/nb\/product\/black-picture-frame-nb\/","title":{"rendered":"Ramme i svart tre"},"content":{"rendered":"","protected":false},"excerpt":{"rendered":"<p>Trerammene v\u00e5re er en fantastisk m\u00e5te \u00e5 vise frem trykkene dine p\u00e5. Laget av ekte treverk med en solid konstruksjon og enkel monteringsmekanisme. Den elegante utformingen av rammene gir et snev av den skandinaviske stilen i ethvert interi\u00f8r. Pleksiglasset er trygt, lett og ekstremt holdbart og gir et knivskarpt fokus. Rammene er laget i Europa, og er klare til \u00e5 omfavne historiene dine uten en masse styr.<\/p>\n","protected":false},"featured_media":1469888,"template":"","meta":[],"product_cat":[864,865],"product_tag":[],"class_list":["post-949682","product","type-product","status-publish","has-post-thumbnail","hentry","product_cat-frames-nb","product_cat-full-frames-nb","product_shipping_class-rammer"],"acf":[],"featured_image_urls_v2":{"full":["https:\/\/www.mapiful.com\/content\/uploads\/2019\/10\/Black-Wood-Frame-Front-View.jpg",1000,1000,false],"thumbnail":["https:\/\/www.mapiful.com\/content\/uploads\/2019\/10\/Black-Wood-Frame-Front-View-150x150.jpg",150,150,true],"medium":["https:\/\/www.mapiful.com\/content\/uploads\/2019\/10\/Black-Wood-Frame-Front-View-300x300.jpg",300,300,true],"medium_large":["https:\/\/www.mapiful.com\/content\/uploads\/2019\/10\/Black-Wood-Frame-Front-View-768x768.jpg",768,768,true],"large":["https:\/\/www.mapiful.com\/content\/uploads\/2019\/10\/Black-Wood-Frame-Front-View.jpg",1000,1000,false],"1536x1536":["https:\/\/www.mapiful.com\/content\/uploads\/2019\/10\/Black-Wood-Frame-Front-View.jpg",1000,1000,false],"2048x2048":["https:\/\/www.mapiful.com\/content\/uploads\/2019\/10\/Black-Wood-Frame-Front-View.jpg",1000,1000,false],"woocommerce_thumbnail":["https:\/\/www.mapiful.com\/content\/uploads\/2019\/10\/Black-Wood-Frame-Front-View-300x300.jpg",300,300,true],"woocommerce_single":["https:\/\/www.mapiful.com\/content\/uploads\/2019\/10\/Black-Wood-Frame-Front-View-600x600.jpg",600,600,true],"woocommerce_gallery_thumbnail":["https:\/\/www.mapiful.com\/content\/uploads\/2019\/10\/Black-Wood-Frame-Front-View-100x100.jpg",100,100,true],"wc_order_status_icon":["https:\/\/www.mapiful.com\/content\/uploads\/2019\/10\/Black-Wood-Frame-Front-View-32x32.jpg",32,32,true]},"post_excerpt_stackable_v2":"<p>Trerammene v\u00e5re er en fantastisk m\u00e5te \u00e5 vise frem trykkene dine p\u00e5. Laget av ekte treverk med en solid konstruksjon og enkel monteringsmekanisme. Den elegante utformingen av rammene gir et snev av den skandinaviske stilen i ethvert interi\u00f8r. Pleksiglasset er trygt, lett og ekstremt holdbart og gir et knivskarpt fokus. Rammene er laget i Europa, og er klare til \u00e5 omfavne historiene dine uten en masse styr.<\/p>\n","category_list_v2":"","author_info_v2":{"name":"","url":""},"comments_num_v2":"0 kommentarer","_links":{"self":[{"href":"https:\/\/www.mapiful.com\/nb\/wp-json\/wp\/v2\/product\/949682"}],"collection":[{"href":"https:\/\/www.mapiful.com\/nb\/wp-json\/wp\/v2\/product"}],"about":[{"href":"https:\/\/www.mapiful.com\/nb\/wp-json\/wp\/v2\/types\/product"}],"wp:featuredmedia":[{"embeddable":true,"href":"https:\/\/www.mapiful.com\/nb\/wp-json\/wp\/v2\/media\/1469888"}],"wp:attachment":[{"href":"https:\/\/www.mapiful.com\/nb\/wp-json\/wp\/v2\/media?parent=949682"}],"wp:term":[{"taxonomy":"product_cat","embeddable":true,"href":"https:\/\/www.mapiful.com\/nb\/wp-json\/wp\/v2\/product_cat?post=949682"},{"taxonomy":"product_tag","embeddable":true,"href":"https:\/\/www.mapiful.com\/nb\/wp-json\/wp\/v2\/product_tag?post=949682"}],"curies":[{"name":"wp","href":"https:\/\/api.w.org\/{rel}","templated":true}]}}