{"id":949705,"date":"2019-09-13T08:32:51","date_gmt":"2019-09-13T06:32:51","guid":{"rendered":"https:\/\/www.mapiful.com\/product\/starmap-nb\/"},"modified":"2024-09-20T17:29:40","modified_gmt":"2024-09-20T15:29:40","slug":"starmap-nb","status":"publish","type":"product","link":"https:\/\/www.mapiful.com\/nb\/product\/starmap-nb\/","title":{"rendered":"Star map"},"content":{"rendered":"<div class=\"container my-12 mx-auto md:px-12\">\n<div class=\"flex flex-wrap -mx-1 lg:-mx-4\">\n<p><!-- Column --><\/p>\n<div class=\"my-1 px-1 w-full md:w-1\/2 lg:my-4 lg:px-4\">\n<p><!-- Article --><\/p>\n<article class=\"overflow-hidden flex\"><img decoding=\"async\" class=\"w-6 m-4\" src=\"data:image\/svg+xml;base64,PHN2ZyBkYXRhLXByZWZpeD0iZmFiIiBkYXRhLWljb249ImVudmlyYSIgY2xhc3M9InctMjQiIHJvbGU9ImltZyIgeG1sbnM9Imh0dHA6Ly93d3cudzMub3JnLzIwMDAvc3ZnIiB2aWV3Qm94PSIwIDAgNDQ4IDUxMiI+PHBhdGggZmlsbD0iY3VycmVudENvbG9yIiBkPSJNMCAzMmM0NzcuNiAwIDM2Ni42IDMxNy4zIDM2Ny4xIDM2Ni4zTDQ0OCA0ODBoLTI2bC03MC40LTcxLjJjLTM5IDQuMi0xMjQuNCAzNC41LTIxNC40LTM3QzQ3IDMwMC4zIDUyIDIxNC43IDAgMzJ6bTc5LjcgNDZjLTQ5LjctMjMuNS01LjIgOS4yLTUuMiA5LjIgNDUuMiAzMS4yIDY2IDczLjcgOTAuMiAxMTkuOSAzMS41IDYwLjIgNzkgMTM5LjcgMTQ0LjIgMTY3LjcgNjUgMjggMzQuMiAxMi41IDYtOC41LTI4LjItMjEuMi02OC4yLTg3LTkxLTEzMC4yLTMxLjctNjAtNjEtMTE4LjYtMTQ0LjItMTU4LjF6Ij48L3BhdGg+PC9zdmc+\" alt=\"\" \/><\/p>\n<header class=\"items-center justify-between leading-tight pl-12 md:pr-12 md:p-4\">\n<h2 class=\"text-lg\"><span class=\"text-black\"><br \/>\nMilj\u00f8ansvarlig<br \/>\n<\/span><\/h2>\n<p class=\"text-grey-darker text-sm\">Trykkene dine produseres p\u00e5 det anlegget som er n\u00e6rmest deg. Dette gir raskere og mer milj\u00f8vennlig transport, og reduserer karbonutslippene med 67 %.<\/p>\n<\/header>\n<\/article>\n<p><!-- END Article --><\/p>\n<\/div>\n<p><!-- END Column --><\/p>\n<p><!-- Column --><\/p>\n<div class=\"my-1 px-1 w-full md:w-1\/2 lg:my-4 lg:px-4\">\n<p><!-- Article --><\/p>\n<article class=\"overflow-hidden flex\"><img decoding=\"async\" class=\"w-6 m-4\" src=\"data:image\/svg+xml;base64,ICA8c3ZnIGRhdGEtcHJlZml4PSJmYXMiIGRhdGEtaWNvbj0ibWFnaWMiIGNsYXNzPSJ3LTI0IiByb2xlPSJpbWciIHhtbG5zPSJodHRwOi8vd3d3LnczLm9yZy8yMDAwL3N2ZyIgdmlld0JveD0iMCAwIDUxMiA1MTIiPjxwYXRoIGZpbGw9ImN1cnJlbnRDb2xvciIgZD0iTTIyNCA5NmwxNi0zMiAzMi0xNi0zMi0xNi0xNi0zMi0xNiAzMi0zMiAxNiAzMiAxNiAxNiAzMnpNODAgMTYwbDI2LjY2LTUzLjMzTDE2MCA4MGwtNTMuMzQtMjYuNjdMODAgMCA1My4zNCA1My4zMyAwIDgwbDUzLjM0IDI2LjY3TDgwIDE2MHptMzUyIDEyOGwtMjYuNjYgNTMuMzNMMzUyIDM2OGw1My4zNCAyNi42N0w0MzIgNDQ4bDI2LjY2LTUzLjMzTDUxMiAzNjhsLTUzLjM0LTI2LjY3TDQzMiAyODh6bTcwLjYyLTE5My43N0w0MTcuNzcgOS4zOEM0MTEuNTMgMy4xMiA0MDMuMzQgMCAzOTUuMTUgMGMtOC4xOSAwLTE2LjM4IDMuMTItMjIuNjMgOS4zOEw5LjM4IDM3Mi41MmMtMTIuNSAxMi41LTEyLjUgMzIuNzYgMCA0NS4yNWw4NC44NSA4NC44NWM2LjI1IDYuMjUgMTQuNDQgOS4zNyAyMi42MiA5LjM3IDguMTkgMCAxNi4zOC0zLjEyIDIyLjYzLTkuMzdsMzYzLjE0LTM2My4xNWMxMi41LTEyLjQ4IDEyLjUtMzIuNzUgMC00NS4yNHpNMzU5LjQ1IDIwMy40NmwtNTAuOTEtNTAuOTEgODYuNi04Ni42IDUwLjkxIDUwLjkxLTg2LjYgODYuNnoiPjwvcGF0aD48L3N2Zz4=\" alt=\"\" \/><\/p>\n<header class=\"items-center justify-between leading-tight pl-12 md:pr-12 md:p-4\">\n<h2 class=\"text-lg\"><span class=\"text-black\"><br \/>\nEnkel \u00e5 tilpasse<br \/>\n<\/span><\/h2>\n<p class=\"text-grey-darker text-sm\">Lag helt unik veggkunst p\u00e5 en enkel m\u00e5te og skreddersy til de plassene som er spesielle for deg!<\/p>\n<\/header>\n<\/article>\n<p><!-- END Article --><\/p>\n<\/div>\n<p><!-- END Column --><\/p>\n<p><!-- Column --><\/p>\n<div class=\"my-1 px-1 w-full md:w-1\/2 lg:my-4 lg:px-4\">\n<p><!-- Article --><\/p>\n<article class=\"overflow-hidden flex\"><img decoding=\"async\" class=\"w-6 m-4\" src=\"data:image\/svg+xml;base64,IDxzdmcgZGF0YS1wcmVmaXg9ImZhcyIgZGF0YS1pY29uPSJnaWZ0IiBjbGFzcz0idy0yNCIgcm9sZT0iaW1nIiB4bWxucz0iaHR0cDovL3d3dy53My5vcmcvMjAwMC9zdmciIHZpZXdCb3g9IjAgMCA1MTIgNTEyIj48cGF0aCBmaWxsPSJjdXJyZW50Q29sb3IiIGQ9Ik0zMiA0NDhjMCAxNy43IDE0LjMgMzIgMzIgMzJoMTYwVjMyMEgzMnYxMjh6bTI1NiAzMmgxNjBjMTcuNyAwIDMyLTE0LjMgMzItMzJWMzIwSDI4OHYxNjB6bTE5Mi0zMjBoLTQyLjFjNi4yLTEyLjEgMTAuMS0yNS41IDEwLjEtNDAgMC00OC41LTM5LjUtODgtODgtODgtNDEuNiAwLTY4LjUgMjEuMy0xMDMgNjguMy0zNC41LTQ3LTYxLjQtNjguMy0xMDMtNjguMy00OC41IDAtODggMzkuNS04OCA4OCAwIDE0LjUgMy44IDI3LjkgMTAuMSA0MEgzMmMtMTcuNyAwLTMyIDE0LjMtMzIgMzJ2ODBjMCA4LjggNy4yIDE2IDE2IDE2aDQ4MGM4LjggMCAxNi03LjIgMTYtMTZ2LTgwYzAtMTcuNy0xNC4zLTMyLTMyLTMyem0tMzI2LjEgMGMtMjIuMSAwLTQwLTE3LjktNDAtNDBzMTcuOS00MCA0MC00MGMxOS45IDAgMzQuNiAzLjMgODYuMSA4MGgtODYuMXptMjA2LjEgMGgtODYuMWM1MS40LTc2LjUgNjUuNy04MCA4Ni4xLTgwIDIyLjEgMCA0MCAxNy45IDQwIDQwcy0xNy45IDQwLTQwIDQweiI+PC9wYXRoPjwvc3ZnPg==\" alt=\"\" \/><\/p>\n<header class=\"items-center justify-between leading-tight pl-12 md:pr-12 md:p-4\">\n<h2 class=\"text-lg\"><span class=\"text-black\"><br \/>\nSkreddersydde gaver<br \/>\n<\/span><\/h2>\n<p class=\"text-grey-darker text-sm\">V\u00e5rt skreddersydde karttrykk av h\u00f8y kvalitet, skrevet p\u00e5 bestilling, er en meningsfull gave som varer.<\/p>\n<\/header>\n<\/article>\n<p><!-- END Article --><\/p>\n<\/div>\n<p><!-- END Column --><\/p>\n<p><!-- Column --><\/p>\n<div class=\"my-1 px-1 w-full md:w-1\/2 lg:my-4 lg:px-4\">\n<p><!-- Article --><\/p>\n<article class=\"overflow-hidden flex\"><img decoding=\"async\" class=\"w-6 m-4\" src=\"data:image\/svg+xml;base64,IDxzdmcgZGF0YS1wcmVmaXg9ImZhcyIgZGF0YS1pY29uPSJtYXAtbWFya2VyLWFsdCIgY2xhc3M9InctMjQiIHJvbGU9ImltZyIgeG1sbnM9Imh0dHA6Ly93d3cudzMub3JnLzIwMDAvc3ZnIiB2aWV3Qm94PSIwIDAgMzg0IDUxMiI+PHBhdGggZmlsbD0iY3VycmVudENvbG9yIiBkPSJNMTcyLjI2OCA1MDEuNjdDMjYuOTcgMjkxLjAzMSAwIDI2OS40MTMgMCAxOTIgMCA4NS45NjEgODUuOTYxIDAgMTkyIDBzMTkyIDg1Ljk2MSAxOTIgMTkyYzAgNzcuNDEzLTI2Ljk3IDk5LjAzMS0xNzIuMjY4IDMwOS42Ny05LjUzNSAxMy43NzQtMjkuOTMgMTMuNzczLTM5LjQ2NCAwek0xOTIgMjcyYzQ0LjE4MyAwIDgwLTM1LjgxNyA4MC04MHMtMzUuODE3LTgwLTgwLTgwLTgwIDM1LjgxNy04MCA4MCAzNS44MTcgODAgODAgODB6Ij48L3BhdGg+PC9zdmc+\" alt=\"\" \/><\/p>\n<header class=\"items-center justify-between leading-tight pl-12 md:pr-12 md:p-4\">\n<h2 class=\"text-lg\"><span class=\"text-black\"><br \/>\nSkandinavisk design<br \/>\n<\/span><\/h2>\n<p class=\"text-grey-darker text-sm\">V\u00e5re trendy skandinaviske design av h\u00f8y kvalitet passer rett inn i ethvert interi\u00f8r, uten hjelp fra en ekspert.<!-- END Column --><\/p>\n<\/header>\n<\/article>\n<\/div>\n<\/div>\n<\/div>\n","protected":false},"excerpt":{"rendered":"<p>Milj\u00f8ansvarlig Trykkene dine produseres p\u00e5 det anlegget som er n\u00e6rmest deg. Dette gir raskere og mer milj\u00f8vennlig transport, og reduserer karbonutslippene med 67 %. Enkel \u00e5 tilpasse Lag helt unik veggkunst p\u00e5 en enkel m\u00e5te og skreddersy til de plassene som er spesielle for deg! Skreddersydde gaver V\u00e5rt skreddersydde karttrykk av h\u00f8y kvalitet, skrevet p\u00e5&#8230;<\/p>\n","protected":false},"featured_media":1312382,"template":"","meta":[],"product_cat":[1831,867,868],"product_tag":[],"class_list":["post-949705","product","type-product","status-publish","has-post-thumbnail","hentry","product_cat-customisable-prints-nb","product_cat-posters-nb","product_cat-starmaps-nb","product_shipping_class-posters-nb"],"acf":[],"featured_image_urls_v2":{"full":["https:\/\/www.mapiful.com\/content\/uploads\/2021\/04\/star_map_1-1024x1024-1.jpg",1024,1024,false],"thumbnail":["https:\/\/www.mapiful.com\/content\/uploads\/2021\/04\/star_map_1-1024x1024-1-150x150.jpg",150,150,true],"medium":["https:\/\/www.mapiful.com\/content\/uploads\/2021\/04\/star_map_1-1024x1024-1-300x300.jpg",300,300,true],"medium_large":["https:\/\/www.mapiful.com\/content\/uploads\/2021\/04\/star_map_1-1024x1024-1-768x768.jpg",768,768,true],"large":["https:\/\/www.mapiful.com\/content\/uploads\/2021\/04\/star_map_1-1024x1024-1-1024x1024.jpg",1024,1024,true],"1536x1536":["https:\/\/www.mapiful.com\/content\/uploads\/2021\/04\/star_map_1-1024x1024-1.jpg",1024,1024,false],"2048x2048":["https:\/\/www.mapiful.com\/content\/uploads\/2021\/04\/star_map_1-1024x1024-1.jpg",1024,1024,false],"woocommerce_thumbnail":["https:\/\/www.mapiful.com\/content\/uploads\/2021\/04\/star_map_1-1024x1024-1-300x300.jpg",300,300,true],"woocommerce_single":["https:\/\/www.mapiful.com\/content\/uploads\/2021\/04\/star_map_1-1024x1024-1-600x600.jpg",600,600,true],"woocommerce_gallery_thumbnail":["https:\/\/www.mapiful.com\/content\/uploads\/2021\/04\/star_map_1-1024x1024-1-100x100.jpg",100,100,true],"wc_order_status_icon":["https:\/\/www.mapiful.com\/content\/uploads\/2021\/04\/star_map_1-1024x1024-1-32x32.jpg",32,32,true]},"post_excerpt_stackable_v2":"<p>Milj\u00f8ansvarlig Trykkene dine produseres p\u00e5 det anlegget som er n\u00e6rmest deg. Dette gir raskere og mer milj\u00f8vennlig transport, og reduserer karbonutslippene med 67 %. Enkel \u00e5 tilpasse Lag helt unik veggkunst p\u00e5 en enkel m\u00e5te og skreddersy til de plassene som er spesielle for deg! Skreddersydde gaver V\u00e5rt skreddersydde karttrykk av h\u00f8y kvalitet, skrevet p\u00e5 bestilling, er en meningsfull gave som varer. Skandinavisk design V\u00e5re trendy skandinaviske design av h\u00f8y kvalitet passer rett inn i ethvert interi\u00f8r, uten hjelp fra en ekspert.<\/p>\n","category_list_v2":"","author_info_v2":{"name":"","url":""},"comments_num_v2":"0 kommentarer","_links":{"self":[{"href":"https:\/\/www.mapiful.com\/nb\/wp-json\/wp\/v2\/product\/949705"}],"collection":[{"href":"https:\/\/www.mapiful.com\/nb\/wp-json\/wp\/v2\/product"}],"about":[{"href":"https:\/\/www.mapiful.com\/nb\/wp-json\/wp\/v2\/types\/product"}],"wp:featuredmedia":[{"embeddable":true,"href":"https:\/\/www.mapiful.com\/nb\/wp-json\/wp\/v2\/media\/1312382"}],"wp:attachment":[{"href":"https:\/\/www.mapiful.com\/nb\/wp-json\/wp\/v2\/media?parent=949705"}],"wp:term":[{"taxonomy":"product_cat","embeddable":true,"href":"https:\/\/www.mapiful.com\/nb\/wp-json\/wp\/v2\/product_cat?post=949705"},{"taxonomy":"product_tag","embeddable":true,"href":"https:\/\/www.mapiful.com\/nb\/wp-json\/wp\/v2\/product_tag?post=949705"}],"curies":[{"name":"wp","href":"https:\/\/api.w.org\/{rel}","templated":true}]}}