{"id":1014626,"date":"2020-08-25T14:34:32","date_gmt":"2020-08-25T12:34:32","guid":{"rendered":"https:\/\/www.mapiful.com\/?page_id=1014626"},"modified":"2020-10-29T16:07:43","modified_gmt":"2020-10-29T15:07:43","slug":"aller-media","status":"publish","type":"page","link":"https:\/\/www.mapiful.com\/sv\/aller-media\/","title":{"rendered":"Aller Media"},"content":{"rendered":"\n<div style=\"background-color:#FEF5ED;padding-left:4%;padding-right:4%;padding-bottom:3%;padding-top:5%\" class=\"wp-block-genesis-blocks-gb-container gb-block-container\"><div class=\"gb-container-inside\"><div class=\"gb-container-content\" style=\"max-width:900px\">\n<h1 class=\"has-text-color has-text-align-center wp-block-heading\" style=\"color:#4c596a\"><strong>H\u00e4r har du 10% unik rabatt!<\/strong><\/h1>\n\n\n\n<p style=\"color:#4c596a\" class=\"has-text-color has-text-align-center\">Med Mapiful kan du skapa h\u00f6gkvalitativa skr\u00e4ddarsydda prints som ber\u00e4ttar dina historier p\u00e5 ditt s\u00e4tt. Med \u00f6ver 30 olika stilar att v\u00e4lja bland, vilka kommer du v\u00e4lja?<\/p>\n\n\n\n<p style=\"color:#4c596a\" class=\"has-text-color has-text-align-center\"><strong>F\u00e5 10% rabatt<\/strong> idag med koden <strong>ALLER10<\/strong>. Erbjudandet till\u00e4mpas automatiskt i kassan.<\/p>\n\n\n\n<p style=\"color:#b0b1b3\" class=\"has-text-color has-text-align-center has-small-font-size\">Denna rabatt g\u00e5r inte att kombinera med n\u00e5gra andra erbjudanden p\u00e5 <a href=\"http:\/\/mapiful.com\/\">Mapiful.com<\/a><\/p>\n\n\n\n<div style=\"text-align:center\" class=\"wp-block-genesis-blocks-gb-button gb-block-button\"><a href=\"https:\/\/www.mapiful.com\/sv\/editor\/\" class=\"gb-button gb-button-shape-rounded gb-button-size-medium\" style=\"color:#ffffff;background-color:#4c596a\">Designa din egen<\/a><\/div>\n<\/div><\/div><\/div>\n\n\n\n<div class=\"wp-block-genesis-blocks-gb-columns gb-layout-team-1 gb-layout-columns-4 gb-4-col-equal gb-columns-center\" style=\"padding-top:20px;padding-bottom:20px\"><div class=\"gb-layout-column-wrap gb-block-layout-column-gap-1 gb-is-responsive-column\" style=\"max-width:1600px\">\n<div class=\"wp-block-genesis-blocks-gb-column gb-block-layout-column\"><div class=\"gb-block-layout-column-inner\" style=\"text-align:center\">\n<div style=\"background-color:#ffffff;color:#32373c\" class=\"wp-block-genesis-blocks-gb-profile-box center square gb-has-avatar gb-font-size-16 gb-block-profile gb-profile-columns\"><div class=\"gb-profile-column gb-profile-avatar-wrap\"><div class=\"gb-profile-image-wrap\"><figure class=\"gb-profile-image-square\"><img loading=\"lazy\" decoding=\"async\" width=\"834\" height=\"804\" class=\"gb-profile-avatar wp-image-1014663\" src=\"https:\/\/www.mapiful.com\/content\/uploads\/2020\/08\/Screenshot-2020-08-25-at-14.17.15.png\" alt=\"\" srcset=\"https:\/\/www.mapiful.com\/content\/uploads\/2020\/08\/Screenshot-2020-08-25-at-14.17.15.png 834w, https:\/\/www.mapiful.com\/content\/uploads\/2020\/08\/Screenshot-2020-08-25-at-14.17.15-300x289.png 300w, https:\/\/www.mapiful.com\/content\/uploads\/2020\/08\/Screenshot-2020-08-25-at-14.17.15-768x740.png 768w, https:\/\/www.mapiful.com\/content\/uploads\/2020\/08\/Screenshot-2020-08-25-at-14.17.15-600x578.png 600w, https:\/\/www.mapiful.com\/content\/uploads\/2020\/08\/Screenshot-2020-08-25-at-14.17.15-32x32.png 32w\" sizes=\"(max-width: 834px) 100vw, 834px\" \/><\/figure><\/div><\/div><div class=\"gb-profile-column gb-profile-content-wrap\"><h2 class=\"gb-profile-name\" style=\"color:#32373c\">Classic Mapiful<\/h2><p class=\"gb-profile-title\" style=\"color:#32373c\">Din mest minnesv\u00e4rda plats.<\/p><div class=\"gb-profile-text\"><p>Oavsett om det \u00e4r din favoritsemester, platsen d\u00e4r du tr\u00e4ffade din partner eller f\u00f6rsta kyssen, ber\u00e4tta historien om platsen som gjorde dig, du!<\/p><\/div><ul class=\"gb-social-links\"><\/ul><\/div><\/div>\n\n\n\n<div style=\"text-align:center\" class=\"wp-block-genesis-blocks-gb-button gb-block-button\"><a href=\"https:\/\/www.mapiful.com\/sv\/editor\/\" class=\"gb-button gb-button-shape-rounded gb-button-size-medium\" style=\"color:#ffffff;background-color:#4C596A\">Designa din egen<\/a><\/div>\n<\/div><\/div>\n\n\n\n<div class=\"wp-block-genesis-blocks-gb-column gb-block-layout-column\"><div class=\"gb-block-layout-column-inner\">\n<div style=\"background-color:#ffffff;color:#32373c\" class=\"wp-block-genesis-blocks-gb-profile-box center square gb-has-avatar gb-font-size-16 gb-block-profile gb-profile-columns\"><div class=\"gb-profile-column gb-profile-avatar-wrap\"><div class=\"gb-profile-image-wrap\"><figure class=\"gb-profile-image-square\"><img loading=\"lazy\" decoding=\"async\" width=\"986\" height=\"1000\" class=\"gb-profile-avatar wp-image-1014715\" src=\"https:\/\/www.mapiful.com\/content\/uploads\/2020\/08\/Screenshot-2020-08-25-at-14.37.07.png\" alt=\"\" srcset=\"https:\/\/www.mapiful.com\/content\/uploads\/2020\/08\/Screenshot-2020-08-25-at-14.37.07.png 986w, https:\/\/www.mapiful.com\/content\/uploads\/2020\/08\/Screenshot-2020-08-25-at-14.37.07-296x300.png 296w, https:\/\/www.mapiful.com\/content\/uploads\/2020\/08\/Screenshot-2020-08-25-at-14.37.07-768x779.png 768w, https:\/\/www.mapiful.com\/content\/uploads\/2020\/08\/Screenshot-2020-08-25-at-14.37.07-600x609.png 600w, https:\/\/www.mapiful.com\/content\/uploads\/2020\/08\/Screenshot-2020-08-25-at-14.37.07-100x100.png 100w, https:\/\/www.mapiful.com\/content\/uploads\/2020\/08\/Screenshot-2020-08-25-at-14.37.07-32x32.png 32w\" sizes=\"(max-width: 986px) 100vw, 986px\" \/><\/figure><\/div><\/div><div class=\"gb-profile-column gb-profile-content-wrap\"><h2 class=\"gb-profile-name\" style=\"color:#32373c\">Star Mapiful<\/h2><p class=\"gb-profile-title\" style=\"color:#32373c\">Det som var skrivet i stj\u00e4rnorna, inramat p\u00e5 din v\u00e4gg.<\/p><div class=\"gb-profile-text\"><p>Detta sentimentala print l\u00e5ter dig skapa konstellation av stj\u00e4rnorna fr\u00e5n en given plats p\u00e5 ett visst datum.<\/p><\/div><ul class=\"gb-social-links\"><\/ul><\/div><\/div>\n\n\n\n<div style=\"text-align:center\" class=\"wp-block-genesis-blocks-gb-button gb-block-button\"><a href=\"https:\/\/www.mapiful.com\/sv\/starmap-editor\/\" class=\"gb-button gb-button-shape-rounded gb-button-size-medium\" style=\"color:#ffffff;background-color:#4C596A\">Designa din egen<\/a><\/div>\n<\/div><\/div>\n\n\n\n<div class=\"wp-block-genesis-blocks-gb-column gb-block-layout-column\"><div class=\"gb-block-layout-column-inner\">\n<div style=\"background-color:#ffffff;color:#32373c\" class=\"wp-block-genesis-blocks-gb-profile-box center square gb-has-avatar gb-font-size-16 gb-block-profile gb-profile-columns\"><div class=\"gb-profile-column gb-profile-avatar-wrap\"><div class=\"gb-profile-image-wrap\"><figure class=\"gb-profile-image-square\"><img loading=\"lazy\" decoding=\"async\" width=\"796\" height=\"846\" class=\"gb-profile-avatar wp-image-1014673\" src=\"https:\/\/www.mapiful.com\/content\/uploads\/2020\/08\/Screenshot-2020-08-25-at-14.19.00.png\" alt=\"\" srcset=\"https:\/\/www.mapiful.com\/content\/uploads\/2020\/08\/Screenshot-2020-08-25-at-14.19.00.png 796w, https:\/\/www.mapiful.com\/content\/uploads\/2020\/08\/Screenshot-2020-08-25-at-14.19.00-282x300.png 282w, https:\/\/www.mapiful.com\/content\/uploads\/2020\/08\/Screenshot-2020-08-25-at-14.19.00-768x816.png 768w, https:\/\/www.mapiful.com\/content\/uploads\/2020\/08\/Screenshot-2020-08-25-at-14.19.00-600x638.png 600w\" sizes=\"(max-width: 796px) 100vw, 796px\" \/><\/figure><\/div><\/div><div class=\"gb-profile-column gb-profile-content-wrap\"><h2 class=\"gb-profile-name\" style=\"color:#32373c\">Zodiac Mapiful<\/h2><p class=\"gb-profile-title\" style=\"color:#32373c\">Intresserad av astrologi?<\/p><div class=\"gb-profile-text\"><p>Med dessa prints kan du hitta stj\u00e4rnstecknet som motsvarar din f\u00f6delsedag och skapa ett print som \u00e4r helt unikt f\u00f6r dig!<\/p><\/div><ul class=\"gb-social-links\"><\/ul><\/div><\/div>\n\n\n\n<div style=\"text-align:center\" class=\"wp-block-genesis-blocks-gb-button gb-block-button\"><a href=\"https:\/\/www.mapiful.com\/sv\/zodiac-editor\/\" class=\"gb-button gb-button-shape-rounded gb-button-size-medium\" style=\"color:#ffffff;background-color:#4C596A\">Designa din egen<\/a><\/div>\n\n\n\n<p><\/p>\n<\/div><\/div>\n\n\n\n<div class=\"wp-block-genesis-blocks-gb-column gb-block-layout-column\"><div class=\"gb-block-layout-column-inner\">\n<div style=\"background-color:#FFFFFF;color:#32373c\" class=\"wp-block-genesis-blocks-gb-profile-box center square gb-has-avatar gb-font-size-16 gb-block-profile gb-profile-columns\"><div class=\"gb-profile-column gb-profile-avatar-wrap\"><div class=\"gb-profile-image-wrap\"><figure class=\"gb-profile-image-square\"><img loading=\"lazy\" decoding=\"async\" width=\"1226\" height=\"1062\" class=\"gb-profile-avatar wp-image-1014704\" src=\"https:\/\/www.mapiful.com\/content\/uploads\/2020\/08\/Screenshot-2020-08-25-at-14.35.57.png\" alt=\"\" srcset=\"https:\/\/www.mapiful.com\/content\/uploads\/2020\/08\/Screenshot-2020-08-25-at-14.35.57.png 1226w, https:\/\/www.mapiful.com\/content\/uploads\/2020\/08\/Screenshot-2020-08-25-at-14.35.57-300x260.png 300w, https:\/\/www.mapiful.com\/content\/uploads\/2020\/08\/Screenshot-2020-08-25-at-14.35.57-1024x887.png 1024w, https:\/\/www.mapiful.com\/content\/uploads\/2020\/08\/Screenshot-2020-08-25-at-14.35.57-768x665.png 768w, https:\/\/www.mapiful.com\/content\/uploads\/2020\/08\/Screenshot-2020-08-25-at-14.35.57-600x520.png 600w\" sizes=\"(max-width: 1226px) 100vw, 1226px\" \/><\/figure><\/div><\/div><div class=\"gb-profile-column gb-profile-content-wrap\"><h2 class=\"gb-profile-name\" style=\"color:#32373c\">Text Art Mapiful<\/h2><p class=\"gb-profile-title\" style=\"color:#32373c\">En bild s\u00e4ger mer \u00e4n tusen ord.<\/p><div class=\"gb-profile-text\"><p>Kombinera dina favoritbilder och ordern som betyder mest f\u00f6r dig, och f\u00f6rvalda dem till ett unikt print. G\u00e5 n\u00e4rmare f\u00f6r att l\u00e4sa orden och g\u00e5 tillbaka f\u00f6r att beundra din bild.<\/p><\/div><ul class=\"gb-social-links\"><\/ul><\/div><\/div>\n\n\n\n<div style=\"text-align:center\" class=\"wp-block-genesis-blocks-gb-button gb-block-button\"><a href=\"https:\/\/www.mapiful.com\/sv\/textart-editor\/\" class=\"gb-button gb-button-shape-rounded gb-button-size-medium\" style=\"color:#ffffff;background-color:#4C596A\">Designa din egen<\/a><\/div>\n\n\n\n<p><\/p>\n<\/div><\/div>\n<\/div><\/div>\n\n\n\n<div style=\"height:37px\" aria-hidden=\"true\" class=\"wp-block-spacer\"><\/div>\n\n\n\n<p><\/p>\n","protected":false},"excerpt":{"rendered":"","protected":false},"author":1,"featured_media":0,"parent":0,"menu_order":15,"comment_status":"closed","ping_status":"closed","template":"templates\/tpl-fullwidth.php","meta":{"footnotes":""},"class_list":["post-1014626","page","type-page","status-publish","hentry"],"acf":[],"featured_image_urls_v2":{"full":"","thumbnail":"","medium":"","medium_large":"","large":"","1536x1536":"","2048x2048":"","woocommerce_thumbnail":"","woocommerce_single":"","woocommerce_gallery_thumbnail":"","wc_order_status_icon":""},"post_excerpt_stackable_v2":"<p>H\u00e4r har du 10% unik rabatt! Med Mapiful kan du skapa h\u00f6gkvalitativa skr\u00e4ddarsydda prints som ber\u00e4ttar dina historier p\u00e5 ditt s\u00e4tt. Med \u00f6ver 30 olika stilar att v\u00e4lja bland, vilka kommer du v\u00e4lja? F\u00e5 10% rabatt idag med koden ALLER10. Erbjudandet till\u00e4mpas automatiskt i kassan. Denna rabatt g\u00e5r inte att kombinera med n\u00e5gra andra erbjudanden p\u00e5 Mapiful.com Designa din egen Classic MapifulDin mest minnesv\u00e4rda plats.Oavsett om det \u00e4r din favoritsemester, platsen d\u00e4r du tr\u00e4ffade din partner eller f\u00f6rsta kyssen, ber\u00e4tta historien om platsen som gjorde dig, du! Designa din egen Star MapifulDet som var skrivet i stj\u00e4rnorna, inramat p\u00e5 din&hellip;<\/p>\n","category_list_v2":"","author_info_v2":{"name":"Edvin Brobeck","url":"https:\/\/www.mapiful.com\/sv\/blog\/author\/admin\/"},"comments_num_v2":"0 comments","_links":{"self":[{"href":"https:\/\/www.mapiful.com\/sv\/wp-json\/wp\/v2\/pages\/1014626"}],"collection":[{"href":"https:\/\/www.mapiful.com\/sv\/wp-json\/wp\/v2\/pages"}],"about":[{"href":"https:\/\/www.mapiful.com\/sv\/wp-json\/wp\/v2\/types\/page"}],"author":[{"embeddable":true,"href":"https:\/\/www.mapiful.com\/sv\/wp-json\/wp\/v2\/users\/1"}],"replies":[{"embeddable":true,"href":"https:\/\/www.mapiful.com\/sv\/wp-json\/wp\/v2\/comments?post=1014626"}],"version-history":[{"count":0,"href":"https:\/\/www.mapiful.com\/sv\/wp-json\/wp\/v2\/pages\/1014626\/revisions"}],"wp:attachment":[{"href":"https:\/\/www.mapiful.com\/sv\/wp-json\/wp\/v2\/media?parent=1014626"}],"curies":[{"name":"wp","href":"https:\/\/api.w.org\/{rel}","templated":true}]}}