{"id":65190,"date":"2018-05-18T14:26:27","date_gmt":"2018-05-18T13:26:27","guid":{"rendered":"https:\/\/www.mapiful.com\/?page_id=65190"},"modified":"2018-05-18T15:26:53","modified_gmt":"2018-05-18T14:26:53","slug":"sekretess-och-information","status":"publish","type":"page","link":"https:\/\/www.mapiful.com\/sv\/sekretess-och-information\/","title":{"rendered":"Sekretess och information"},"content":{"rendered":"<p>\t\t\t\t<img loading=\"lazy\" decoding=\"async\" src=\"https:\/\/www.mapiful.com\/content\/uploads\/2018\/05\/images.png\" alt=\"images\" itemprop=\"image\" height=\"225\" width=\"225\"  \/><\/p>\n<h1>Sekretessinformation<\/h1>\n<p>Den h\u00e4r sidan syftar till att redog\u00f6ra f\u00f6r vad f\u00f6r uppgifter vi hanterar, hur vi kommer hantera dem och till vilket \u00e4ndam\u00e5l. <strong>I korthet kan man sammanfatta det s\u00e5h\u00e4r:<\/strong><\/p>\n<h3>Skapa en bra anv\u00e4ndarupplevelse<\/h3>\n<p>Vi anv\u00e4nder information f\u00f6r att f\u00f6rb\u00e4ttra upplevelsen att handla och interagera med oss.<\/p>\n<h3>S\u00e4kerhet<\/h3>\n<p>Vi \u00e4r dedikerade till att skydda din information s\u00e5 som om den vore vore egen.<\/p>\n<h3>Transparens<\/h3>\n<p>Vi f\u00f6rs\u00f6ker vara s\u00e5 tydliga vi kan med hur vi hanterar och anv\u00e4nder den.<\/p>\n<section>\n<section>\n<section>\n<section>\n<h3>Bara det n\u00f6dv\u00e4ndiga<\/h3>\n<\/section>\n<\/section>\n<\/section>\n<\/section>\n<section>\n<section>\n<section>\n<section>\n<p>Vi samlar inte in mer \u00e4n n\u00f6dv\u00e4ndigt, och vi sparar ingenting l\u00e4ngre \u00e4n n\u00f6dv\u00e4ndigt.<\/p>\n<\/section>\n<\/section>\n<\/section>\n<\/section>\n<h2>\u00d6vergripande s\u00e4kerhet och hantering<\/h2>\n<p>P\u00e5 Mapiful tar vi det p\u00e5 stort allvar att v\u00e5rda v\u00e5ra anv\u00e4ndare och kunders data. Det kan r\u00f6ra sig om f\u00f6rhindra dataf\u00f6rluster, otill\u00e5ten spridning eller manipulation av den information som vi lagrar. Vi anv\u00e4nder oss av b\u00e5de organisatoriska och tekniska \u00e5tg\u00e4rder f\u00f6r att i l\u00e4ngsta m\u00f6jliga m\u00e5n f\u00f6rhindra detta genom t.ex. Kryptering av information och l\u00f6pande revidering av system och processer.<\/p>\n<h1>Insamling av data och uppgifter<\/h1>\n<p>Genom anv\u00e4ndandet av den h\u00e4r sidan s\u00e5 samlas det in information som Mapiful anv\u00e4nder f\u00f6r att kunna skapa en s\u00e5 bra anv\u00e4ndarupplevelse som m\u00f6jligt.<\/p>\n<h2>Anv\u00e4ndning av cookies<\/h2>\n<p>Likt n\u00e4stan alla webbsidor p\u00e5 n\u00e4tet idag s\u00e5 anv\u00e4nder Mapiful Cookies. En Cookie \u00e4r en liten fil som sparas p\u00e5 din dator (via din webbl\u00e4sare) och inneh\u00e5ller bara textv\u00e4rden. Informationen i de h\u00e4r textfilerna kan variera men syftar till att kunna ge dig en s\u00e5 bra anv\u00e4ndarupplevelse som m\u00f6jligt. Exempelvis s\u00e5 sparas dina val av n\u00e4r du bes\u00f6kte oss sist, val av spr\u00e5k, valuta, dina produkter i kundkorgen etc. s\u00e5 att n\u00e4sta g\u00e5ng du bes\u00f6ker sidan s\u00e5 finns dina val sparade. Hur l\u00e4nge informationen sparas best\u00e4ms per Cookie med en s\u00e5 kallad livsl\u00e4ngd.<\/p>\n<p>Det g\u00e5r att f\u00f6rhindra att n\u00e5gra Cookies sparas alls genom att st\u00e4nga av eller begr\u00e4nsa detta via din webbl\u00e4sare. Vi jobbar p\u00e5 att anv\u00e4ndarupplevelsen skall vara s\u00e5 bra som m\u00f6jligt \u00e4ven d\u00e5, men det kommer ha en negativ p\u00e5verkan p\u00e5 hur smidigt det \u00e4r att anv\u00e4nda v\u00e5r tj\u00e4nst.<\/p>\n<h2>Automatisk insamling av anonym data<\/h2>\n<p>N\u00e4r du anv\u00e4nder Mapiful.com sparas det viss information i bakgrunden per automatik. Informationen som sparas \u00e4r anonymiserad vilket inneb\u00e4r att den av oss ej direkt skall kunna knytas till dig. Exempel p\u00e5 vad som sparas \u00e4r:<\/p>\n<ul>\n<li>Vad f\u00f6r webbl\u00e4sare du anv\u00e4nder.<\/li>\n<li>Vilket land du anv\u00e4nder v\u00e5r tj\u00e4nst ifr\u00e5n.<\/li>\n<li>Hur du anv\u00e4nder v\u00e5r webbsida och vilket inneh\u00e5ll du bes\u00f6ker.<\/li>\n<li>Internetleverant\u00f6r och IP-adress.<\/li>\n<\/ul>\n<p>Anv\u00e4ndningsomr\u00e5den innefattar exempelvis statistik och s\u00e4kerhetsaspekter f\u00f6r att kunna erbjuda en s\u00e5 bra tj\u00e4nst som m\u00f6jligt.<\/p>\n<p>Det \u00e4r bra att k\u00e4nna till att det \u00e4r teoretiskt m\u00f6jligt att sp\u00e5ra en IP-adress till en person, men detta \u00e4r ingenting vi kan g\u00f6ra, eller kommer g\u00f6ra d\u00e5 det kr\u00e4ver samarbete av din ISP om det inte \u00e4r av legala sk\u00e4l.<\/p>\n<h2>Manuellt l\u00e4mnade personuppgifter<\/h2>\n<p>F\u00f6r vissa \u00e5tg\u00e4rder och aspekter av Mapiful.com s\u00e5 kr\u00e4vs det att du l\u00e4mnar vissa personuppgifter till oss f\u00f6r att vi skall kunna fullg\u00f6ra v\u00e5ra \u00e5taganden f\u00f6r de produkter eller tj\u00e4nster som du har best\u00e4llt.<\/p>\n<p>I s\u00e5dana fall har vi tagit fram b\u00e5de tekniska och interna rutiner f\u00f6r hur s\u00e5dan information f\u00e5r hanteras och vi ansvarar f\u00f6r att till\u00e4mpliga lagar och best\u00e4mmelser f\u00f6ljs.<\/p>\n<h2>Insamling och bearbetning av personuppgifter<\/h2>\n<p>Personuppgifter som samlas in \u00e4r endast de du sj\u00e4lv l\u00e4mnar till oss i samband med best\u00e4llande av produkt, eller tj\u00e4nst och behandlas utifr\u00e5n de syfte som kr\u00e4vs baserat p\u00e5 vilken \u00e5tg\u00e4rd som skall tas. Personuppgiftsansvarig f\u00f6r personuppgifter som samlas in genom webbplatsen \u00e4r den juridiska personen Mapiful AB, org.nr. 559006-2393, Wallingatan 3B, 111 60 Stockholm. Vi f\u00f6ljer till\u00e4mpliga regelverk vid behandling och bearbetning av personuppgifter.<\/p>\n<h1>Delning av data till tredje part<\/h1>\n<p>Vi kommer aldrig s\u00e4lja dina uppgifter till n\u00e5gon men kan under f\u00f6ruts\u00e4ttningarna angivna h\u00e4r dela informationen med samarbetspartners, bolag knutna till Mapiful eller andra akt\u00f6rer f\u00f6r att fullf\u00f6lja v\u00e5ra uppdrag och \u00e5taganden.<\/p>\n<h2>Google Analytics och Google Tag manager<\/h2>\n<p>N\u00e4r du anv\u00e4nder v\u00e5r sida s\u00e5 sparar Google p\u00e5 uppdrag av oss information om hur sidan anv\u00e4nds. Det r\u00f6r bland annat vilka sidor du bes\u00f6ker, vad du har f\u00f6r webbl\u00e4sare och spr\u00e5kinst\u00e4llningar, om du anv\u00e4nder en telefon eller dator. Informationen sparas p\u00e5 Googles servrar i ett anonymiserat format. Mapiful anv\u00e4nder sedan informationen f\u00f6r statistiska bed\u00f6mningar f\u00f6r att kunna f\u00f6rb\u00e4ttra inneh\u00e5ll, funktionalitet och s\u00e4kerhet.<\/p>\n<p>Du kan n\u00e4r du vill \u00e5terkalla ditt medgivande och f\u00f6rhindra att informationen fr\u00e5n ditt bes\u00f6k sparas genom att ladda ner ett till\u00e4gsprogram fr\u00e5n Google till din webbl\u00e4sare.<\/p>\n<p>Ibland kan informationen sparas p\u00e5 servrar som inte \u00e4r placerade inom EU. Google \u00e4r d\u00e4rf\u00f6r certifierade och uppfyller allt som kr\u00e4vs under EU-US Privacy Shield och har s\u00e5ledes tillr\u00e4ckligt h\u00f6g datas\u00e4kerhet f\u00f6r hanteringen av den h\u00e4r typen av uppgifter.<\/p>\n<p>F\u00f6r ytterligare information om Google Analytics &amp; Google Tag Manager:<br \/>\n<a href=\"https:\/\/www.google.com\/analytics\/terms\/us.html\">Google Analytics Terms of Service<\/a>,<br \/>\n<a href=\"https:\/\/support.google.com\/analytics\/answer\/6004245?hl=en\">Google Analytics security and privacy principles<\/a>,<br \/>\n<a href=\"https:\/\/www.google.com\/analytics\/tag-manager\/use-policy\/\">Google Tag Manager Terms of Service<\/a>, och <a href=\"https:\/\/www.google.com\/policies\/privacy\/\">Google Privacy Policy<\/a>.<\/p>\n<h2>Facebook<\/h2>\n<p>Vi anv\u00e4nder Facebook f\u00f6r s\u00e5 kallad m\u00e5linriktad och beteende marknadsf\u00f6ring. Det inneb\u00e4r att dem via en pixel p\u00e5 v\u00e5r sida samlar in information om n\u00e4r ett k\u00f6p sker, och anv\u00e4ndandet av sidan f\u00f6r att kunna avg\u00f6ra relevanta m\u00e5lgrupper. Informationen \u00e4r helt anonymiserad.<\/p>\n<h2>Pinterest<\/h2>\n<p>Vi anv\u00e4nder Pinterest f\u00f6r s\u00e5 kallad m\u00e5linriktad marknadsf\u00f6ring. Det inneb\u00e4r att dem via en pixel p\u00e5 v\u00e5r sida samlar in information om n\u00e4r ett k\u00f6p sker, och n\u00e4r en anv\u00e4ndare kommer till sidan fr\u00e5n annonser fr\u00e5n dem. Informationen \u00e4r helt anonymiserad.<\/p>\n<h2>Tradedoubler<\/h2>\n<p>Vi anv\u00e4nder Tradedoubler f\u00f6r s\u00e5 kallad affiliate marknadsf\u00f6ring. Det inneb\u00e4r att dem via en pixel p\u00e5 v\u00e5r sida samlar in information om n\u00e4r ett k\u00f6p sker, och n\u00e4r en anv\u00e4ndare kommer till sidan fr\u00e5n annonser fr\u00e5n dem.\u00a0Informationen \u00e4r helt anonymiserad.<\/p>\n<h2>RevRelations<\/h2>\n<p>Vi anv\u00e4nder Tradedoubler f\u00f6r s\u00e5 kallad affiliate marknadsf\u00f6ring. Det inneb\u00e4r att dem via en pixel p\u00e5 v\u00e5r sida samlar in information om n\u00e4r ett k\u00f6p sker, och n\u00e4r en anv\u00e4ndare kommer till sidan fr\u00e5n annonser fr\u00e5n dem.\u00a0Informationen \u00e4r helt anonymiserad.<\/p>\n<h1>Delning av personuppgifter till tredje part<\/h1>\n<p>Vi kommer aldrig s\u00e4lja dina uppgifter till n\u00e5gon men kan under f\u00f6ruts\u00e4ttningarna angivna h\u00e4r dela informationen med samarbetspartners eller andra bolag knutna till Mapiful f\u00f6r att kunna fullf\u00f6lja v\u00e5ra \u00e5taganden vid k\u00f6p, eller andra avtal.<\/p>\n<p>Uppgifter kan komma att delas med f\u00f6ljande parter:<\/p>\n<h2>Mailchimp<\/h2>\n<p>Mailchimp, (The Rocket Science Group, LLC, 675 Ponce de Leon Ave NE, Suite 5000, Atlanta, Georgia 30308. USA). Detta verktyg anv\u00e4nds f\u00f6r att vi skall kunna skicka ut information till befintliga kunder eller partners. Typen av inneh\u00e5ll\/Information som skickas ut varierar beroende p\u00e5 tillf\u00e4lle och mottagare, men innefattar t.ex. viktig information om verksamheten eller marknadsinformation och erbjudanden.<\/p>\n<h2>Printmotor<\/h2>\n<p>Printmotor Ltd, Business ID: 0824433-3<br \/>\nAddress: Sorvaajankatu 11, FI-00880 Helsinki, Finland<br \/>\nsupport@printmotor.io<\/p>\n<h1>R\u00e4tten att bli bortgl\u00f6md<\/h1>\n<p>P\u00e5 beg\u00e4ran har du som anv\u00e4ndare \/ kund r\u00e4tt att beg\u00e4ra att bli bortgl\u00f6md ur v\u00e5ra system. De uppgifter som av annan lagstiftning kr\u00e4vs att vi som organisation sparar \u00e4r dock undantaget denna r\u00e4tt. Exempel p\u00e5 detta \u00e4r underlag f\u00f6r ekonomiska transaktioner.<\/p>\n<p>Vid beg\u00e4ran kommer vi att behandla din f\u00f6rfr\u00e5gan inom rimlig tid och g\u00f6ra v\u00e5rt b\u00e4sta f\u00f6r att uppn\u00e5 dina \u00f6nskningar men med h\u00e4nsyn till andra r\u00e5dande krav och lagstiftningar vi lyder under.<\/p>\n<p>Du kan \u00e4ven sj\u00e4lv \u201cOpt out\u201d fr\u00e5n m\u00e5nga system du inte l\u00e4ngre \u00f6nskar ha dina uppgifter tillg\u00e4ngliga genom t.ex. Avanm\u00e4lningsl\u00e4nkar i epostutskick.<\/p>\n<p>Vill du ta kontakt med oss g\u00e4llande detta kan du h\u00f6ra av dig till v\u00e5rt personuppgiftsombud.<\/p>\n<h1>Kontakt och personuppgiftsombud<\/h1>\n<p>Utvecklingen p\u00e5 internet g\u00e5r i en rasande takt. Vi jobbar st\u00e4ndigt med att f\u00f6lja med och vid krav p\u00e5 villkors\u00e4ndringar till f\u00f6ljd av den utvecklingen s\u00e5 f\u00f6rbeh\u00e5ller vi oss r\u00e4tten att g\u00f6ra s\u00e5.<\/p>\n<p>Om du har n\u00e5gra funderingar, fr\u00e5gor eller f\u00f6rslag p\u00e5 f\u00f6rb\u00e4ttringar, \u00e4r du v\u00e4lkommen att kontakta oss.<\/p>\n<p><strong>Personuppgiftsombud (Data Protection Officer) f\u00f6r Mapiful AB:<\/strong><\/p>\n<p>Mapiful AB<br \/>\nAtt: Personuppgiftsombud, Edvin Brobeck<br \/>\nWallingatan 3B<br \/>\n111 60 Stockholm<\/p>\n<p>Telefon: +46-(0)737-64 9207<br \/>\nE-post: <a href=\"mailto:dpo@mapiful.com\">dpo@mapiful.com<\/a><\/p>\n","protected":false},"excerpt":{"rendered":"<p>Sekretessinformation Den h\u00e4r sidan syftar till att redog\u00f6ra f\u00f6r vad f\u00f6r uppgifter vi hanterar, hur vi kommer hantera dem och till vilket \u00e4ndam\u00e5l. I korthet kan man sammanfatta det s\u00e5h\u00e4r: Skapa en bra anv\u00e4ndarupplevelse Vi anv\u00e4nder information f\u00f6r att f\u00f6rb\u00e4ttra upplevelsen att handla och interagera med oss. S\u00e4kerhet Vi \u00e4r dedikerade till att skydda din&#8230;<\/p>\n","protected":false},"author":1,"featured_media":0,"parent":0,"menu_order":55,"comment_status":"closed","ping_status":"closed","template":"","meta":{"footnotes":""},"class_list":["post-65190","page","type-page","status-publish","hentry"],"acf":[],"featured_image_urls_v2":{"full":"","thumbnail":"","medium":"","medium_large":"","large":"","1536x1536":"","2048x2048":"","woocommerce_thumbnail":"","woocommerce_single":"","woocommerce_gallery_thumbnail":"","wc_order_status_icon":""},"post_excerpt_stackable_v2":"<p>Sekretessinformation Den h\u00e4r sidan syftar till att redog\u00f6ra f\u00f6r vad f\u00f6r uppgifter vi hanterar, hur vi kommer hantera dem och till vilket \u00e4ndam\u00e5l. I korthet kan man sammanfatta det s\u00e5h\u00e4r: Skapa en bra anv\u00e4ndarupplevelse Vi anv\u00e4nder information f\u00f6r att f\u00f6rb\u00e4ttra upplevelsen att handla och interagera med oss. S\u00e4kerhet Vi \u00e4r dedikerade till att skydda din information s\u00e5 som om den vore vore egen. Transparens Vi f\u00f6rs\u00f6ker vara s\u00e5 tydliga vi kan med hur vi hanterar och anv\u00e4nder den. Bara det n\u00f6dv\u00e4ndiga Vi samlar inte in mer \u00e4n n\u00f6dv\u00e4ndigt, och vi sparar ingenting l\u00e4ngre \u00e4n n\u00f6dv\u00e4ndigt. \u00d6vergripande s\u00e4kerhet och hantering P\u00e5&hellip;<\/p>\n","category_list_v2":"","author_info_v2":{"name":"Edvin Brobeck","url":"https:\/\/www.mapiful.com\/sv\/blog\/author\/admin\/"},"comments_num_v2":"0 comments","_links":{"self":[{"href":"https:\/\/www.mapiful.com\/sv\/wp-json\/wp\/v2\/pages\/65190"}],"collection":[{"href":"https:\/\/www.mapiful.com\/sv\/wp-json\/wp\/v2\/pages"}],"about":[{"href":"https:\/\/www.mapiful.com\/sv\/wp-json\/wp\/v2\/types\/page"}],"author":[{"embeddable":true,"href":"https:\/\/www.mapiful.com\/sv\/wp-json\/wp\/v2\/users\/1"}],"replies":[{"embeddable":true,"href":"https:\/\/www.mapiful.com\/sv\/wp-json\/wp\/v2\/comments?post=65190"}],"version-history":[{"count":0,"href":"https:\/\/www.mapiful.com\/sv\/wp-json\/wp\/v2\/pages\/65190\/revisions"}],"wp:attachment":[{"href":"https:\/\/www.mapiful.com\/sv\/wp-json\/wp\/v2\/media?parent=65190"}],"curies":[{"name":"wp","href":"https:\/\/api.w.org\/{rel}","templated":true}]}}