{"id":767913,"date":"2020-03-17T16:26:01","date_gmt":"2020-03-17T15:26:01","guid":{"rendered":"https:\/\/www.mapiful.com\/?page_id=767913"},"modified":"2020-10-29T16:07:14","modified_gmt":"2020-10-29T15:07:14","slug":"angaende-covid-19","status":"publish","type":"page","link":"https:\/\/www.mapiful.com\/sv\/angaende-covid-19\/","title":{"rendered":"Ang\u00e5ende Covid-19"},"content":{"rendered":"\n<div class=\"wp-block-genesis-blocks-gb-columns gb-layout-columns-1 gb-1-col-equal gb-has-custom-background-color gb-columns-center\" style=\"padding-top:50px;padding-bottom:50px;background-color:#f5f7f9\"><div class=\"gb-layout-column-wrap gb-block-layout-column-gap-2 gb-is-responsive-column\" style=\"max-width:700px\">\n<div class=\"wp-block-genesis-blocks-gb-column gb-block-layout-column\"><div class=\"gb-block-layout-column-inner\">\n<h2 class=\"has-text-align-center wp-block-heading\">Uppdateringar &amp; FAQ<\/h2>\n\n\n\n<p class=\"has-text-align-center\">Vi \u00f6vervakar vad som h\u00e4nder och jobbar hela tiden p\u00e5 att kunna h\u00e5lla en h\u00f6g niv\u00e5 av drifts\u00e4kerhet och vidtar l\u00f6pande alla \u00e5tg\u00e4rder som kr\u00e4vs f\u00f6r att leveranser skall komma fram precis som vanligt. Vi uppskattar all support vi f\u00e5r fr\u00e5n er medans vi tillsammans tar oss igenom en tid som \u00e4r utmanade f\u00f6r alla p\u00e5 olika s\u00e4tt. <\/p>\n\n\n\n<div style=\"color:#ddd\" class=\"wp-block-genesis-blocks-gb-spacer gb-block-spacer gb-divider-solid gb-spacer-divider gb-divider-size-1\"><hr style=\"height:30px\"\/><\/div>\n\n\n\n<ul class=\"wp-block-list\"><li>F\u00f6r n\u00e4rvarande har vi inga rapporterade st\u00f6rningar p\u00e5 leveranser inom sverige eller resten av v\u00e4rlden med undantag f\u00f6r<strong> vissa postomr\u00e5den i Frankrike<\/strong>, inklusive Bitche, Sturzelbronn, Siersthal, St Louis les Bitche, Walschbronn, St Louis, Haselbourg, Soucht, Strasbourg, Colmar, Colmar Cedex, Ingersheim, Bennwihr Mittelwihr och Beblenheim. Vi g\u00f6r v\u00e5rt b\u00e4sta f\u00f6r att se till att leveranser levereras s\u00e5 snart som m\u00f6jligt.<\/li><li><strong>Andra postregioner i EU<\/strong> upplever ocks\u00e5 leveransf\u00f6rseningar, inklusive Bulgarien (Bansko), Tjeckien (Kynice, Chudob\u00edn, Sav\u00edn, Uni\u010dov, Litovel), Tyskland (Jessen), Spanien (Arroyo de la Luz), Kroatien (Murter, Betina ) och Portugal (Ovar, Esmoriz).<\/li><\/ul>\n<\/div><\/div>\n<\/div><\/div>\n\n\n\n<div class=\"wp-block-media-text alignwide is-stacked-on-mobile is-vertically-aligned-center is-image-fill\" style=\"grid-template-columns:49% auto\"><figure class=\"wp-block-media-text__media\" style=\"background-image:url(https:\/\/www.mapiful.com\/content\/uploads\/2020\/03\/acd9d8c56f79d0ec3137-819x1024.jpg);background-position:50% 50%\"><img loading=\"lazy\" decoding=\"async\" width=\"819\" height=\"1024\" src=\"https:\/\/www.mapiful.com\/content\/uploads\/2020\/03\/acd9d8c56f79d0ec3137-819x1024.jpg\" alt=\"\" class=\"wp-image-767811\" srcset=\"https:\/\/www.mapiful.com\/content\/uploads\/2020\/03\/acd9d8c56f79d0ec3137-819x1024.jpg 819w, https:\/\/www.mapiful.com\/content\/uploads\/2020\/03\/acd9d8c56f79d0ec3137-240x300.jpg 240w, https:\/\/www.mapiful.com\/content\/uploads\/2020\/03\/acd9d8c56f79d0ec3137-768x960.jpg 768w, https:\/\/www.mapiful.com\/content\/uploads\/2020\/03\/acd9d8c56f79d0ec3137-1229x1536.jpg 1229w, https:\/\/www.mapiful.com\/content\/uploads\/2020\/03\/acd9d8c56f79d0ec3137-600x750.jpg 600w, https:\/\/www.mapiful.com\/content\/uploads\/2020\/03\/acd9d8c56f79d0ec3137.jpg 1440w\" sizes=\"(max-width: 819px) 100vw, 819px\" \/><\/figure><div class=\"wp-block-media-text__content\">\n<div style=\"height:50px\" aria-hidden=\"true\" class=\"wp-block-spacer\"><\/div>\n\n\n\n<h1 class=\"wp-block-heading\">Hur p\u00e5verkas vi av Covid-19?<\/h1>\n\n\n\n<p>Det kan knappast ha g\u00e5tt n\u00e5gon f\u00f6rbi vad som h\u00e4nder i Sverige och runt om i v\u00e4rlden, och vi hoppas att ni h\u00e5ller er friska och hj\u00e4lper till p\u00e5 de s\u00e4tt ni kan.<\/p>\n\n\n\n<p>V\u00e5rt k\u00e4rnsyfte som bolag \u00e4r att g\u00f6ra tiden vi spenderar hemma, p\u00e5 kontoret, eller i andra omgivningar lite behagligare och roligare med produkter som g\u00f6r dig glad n\u00e4r du ser. D\u00e4rf\u00f6r \u00e4r den h\u00e4r perioden kanske den viktigaste f\u00f6r oss d\u00e5 fler och fler n\u00e5s av uppmaningar om att stanna hemma fr\u00e5n jobbet f\u00f6r att f\u00f6rhindra spridningen av viruset. Hela Mapifulteamet jobbar hemifr\u00e5n med att se till att att undvika alla former av driftst\u00f6rningar och att dina best\u00e4llningar ska komma fram i tid.<\/p>\n\n\n\n<h3 class=\"wp-block-heading\">Vi finns h\u00e4r precis som vanligt&#8230;<\/h3>\n\n\n\n<p>Vi \u00e4r h\u00e4ngivna till att g\u00f6ra allt vi kan f\u00f6r att se till att du inte ska beh\u00f6va vara orolig n\u00e4r du best\u00e4ller fr\u00e5n oss. Vi har vidtagit extra \u00e5tg\u00e4rder genom alla led i produktionen med nya s\u00e4kerhetsrutiner, erbjuder d\u00f6rr-till-d\u00f6rr leveranser, samt producerar och trycker dina varor inom Sverige. Dessv\u00e4rre s\u00e5 vet vi att det inte riktigt alltid blir som man t\u00e4nkt sig, och din och v\u00e5r s\u00e4kerhet och h\u00e4lsa kommer naturligtvis f\u00f6rst. <\/p>\n\n\n\n<p><strong>Vi ber om \u00f6verseende och t\u00e5lamod om det \u00e4r s\u00e5 att vi svarar lite l\u00e5ngsammare \u00e4n vanligt, eller om n\u00e5got skulle bli f\u00f6rsenat. Vi jobbar stenh\u00e5rt p\u00e5 att f\u00f6rs\u00f6ka l\u00f6sa alla problem som uppst\u00e5r. Om du har n\u00e5gra fr\u00e5gor kan du n\u00e5 oss p\u00e5 <a href=\"mailto:support@mapiful.com\">support@mapiful.com<\/a>, eller via sociala medier.<\/strong><\/p>\n\n\n\n<div style=\"background-color:#FEF5ED;color:#32373c\" class=\"wp-block-genesis-blocks-gb-testimonial left-aligned gb-has-avatar gb-font-size-18 gb-block-testimonial\"><div class=\"gb-testimonial-text\" style=\"text-align:left\"><p>Vi \u00e4r oerh\u00f6rt stolta \u00f6ver det f\u00f6rtroende som vi har arbetat upp genom \u00e5ren till v\u00e5ra kunder, och kommer g\u00f6ra allt vi kan f\u00f6r att beh\u00e5lla det genom den h\u00e4r utmanade tiden. <\/p><\/div><div class=\"gb-testimonial-info\"><div class=\"gb-testimonial-avatar-wrap\"><div class=\"gb-testimonial-image-wrap\"><img decoding=\"async\" class=\"gb-testimonial-avatar\" src=\"https:\/\/www.mapiful.com\/content\/uploads\/2020\/02\/19657395_10158848821555548_6890411114150064461_n.jpg\" alt=\"avatar\"\/><\/div><\/div><h2 class=\"gb-testimonial-name\" style=\"color:#32373c\">Edvin Brobeck<\/h2><small class=\"gb-testimonial-title\" style=\"color:#32373c\">VD p\u00e5 Mapiful<\/small><\/div><\/div>\n\n\n\n<div style=\"height:50px\" aria-hidden=\"true\" class=\"wp-block-spacer\"><\/div>\n<\/div><\/div>\n","protected":false},"excerpt":{"rendered":"","protected":false},"author":1,"featured_media":0,"parent":0,"menu_order":99,"comment_status":"closed","ping_status":"closed","template":"templates\/tpl-fullwidth.php","meta":{"footnotes":""},"class_list":["post-767913","page","type-page","status-publish","hentry"],"acf":[],"featured_image_urls_v2":{"full":"","thumbnail":"","medium":"","medium_large":"","large":"","1536x1536":"","2048x2048":"","woocommerce_thumbnail":"","woocommerce_single":"","woocommerce_gallery_thumbnail":"","wc_order_status_icon":""},"post_excerpt_stackable_v2":"<p>Uppdateringar &amp; FAQ Vi \u00f6vervakar vad som h\u00e4nder och jobbar hela tiden p\u00e5 att kunna h\u00e5lla en h\u00f6g niv\u00e5 av drifts\u00e4kerhet och vidtar l\u00f6pande alla \u00e5tg\u00e4rder som kr\u00e4vs f\u00f6r att leveranser skall komma fram precis som vanligt. Vi uppskattar all support vi f\u00e5r fr\u00e5n er medans vi tillsammans tar oss igenom en tid som \u00e4r utmanade f\u00f6r alla p\u00e5 olika s\u00e4tt. F\u00f6r n\u00e4rvarande har vi inga rapporterade st\u00f6rningar p\u00e5 leveranser inom sverige eller resten av v\u00e4rlden med undantag f\u00f6r vissa postomr\u00e5den i Frankrike, inklusive Bitche, Sturzelbronn, Siersthal, St Louis les Bitche, Walschbronn, St Louis, Haselbourg, Soucht, Strasbourg, Colmar, Colmar Cedex,&hellip;<\/p>\n","category_list_v2":"","author_info_v2":{"name":"Edvin Brobeck","url":"https:\/\/www.mapiful.com\/sv\/blog\/author\/admin\/"},"comments_num_v2":"0 comments","_links":{"self":[{"href":"https:\/\/www.mapiful.com\/sv\/wp-json\/wp\/v2\/pages\/767913"}],"collection":[{"href":"https:\/\/www.mapiful.com\/sv\/wp-json\/wp\/v2\/pages"}],"about":[{"href":"https:\/\/www.mapiful.com\/sv\/wp-json\/wp\/v2\/types\/page"}],"author":[{"embeddable":true,"href":"https:\/\/www.mapiful.com\/sv\/wp-json\/wp\/v2\/users\/1"}],"replies":[{"embeddable":true,"href":"https:\/\/www.mapiful.com\/sv\/wp-json\/wp\/v2\/comments?post=767913"}],"version-history":[{"count":0,"href":"https:\/\/www.mapiful.com\/sv\/wp-json\/wp\/v2\/pages\/767913\/revisions"}],"wp:attachment":[{"href":"https:\/\/www.mapiful.com\/sv\/wp-json\/wp\/v2\/media?parent=767913"}],"curies":[{"name":"wp","href":"https:\/\/api.w.org\/{rel}","templated":true}]}}