{"id":1330116,"date":"2021-05-12T13:30:13","date_gmt":"2021-05-12T11:30:32","guid":{"rendered":"https:\/\/www.mapiful.com\/?post_type=product&#038;p=1330116"},"modified":"2023-04-04T17:02:12","modified_gmt":"2023-04-04T15:02:12","slug":"lineart-poster","status":"publish","type":"product","link":"https:\/\/www.mapiful.com\/sv\/produkt\/lineart-poster\/","title":{"rendered":"Lineart poster"},"content":{"rendered":"<div class=\"container my-12 mx-auto md:px-12\">\n<div class=\"flex flex-wrap -mx-1 lg:-mx-4\">\n<p><!-- Column --><\/p>\n<div class=\"my-1 px-1 w-full md:w-1\/2 lg:my-4 lg:px-4\">\n<p><!-- Article --><\/p>\n<article class=\"overflow-hidden flex\"><img decoding=\"async\" class=\"w-6 m-4\" src=\"data:image\/svg+xml;base64,PHN2ZyBkYXRhLXByZWZpeD0iZmFiIiBkYXRhLWljb249ImVudmlyYSIgY2xhc3M9InctMjQiIHJvbGU9ImltZyIgeG1sbnM9Imh0dHA6Ly93d3cudzMub3JnLzIwMDAvc3ZnIiB2aWV3Qm94PSIwIDAgNDQ4IDUxMiI+PHBhdGggZmlsbD0iY3VycmVudENvbG9yIiBkPSJNMCAzMmM0NzcuNiAwIDM2Ni42IDMxNy4zIDM2Ny4xIDM2Ni4zTDQ0OCA0ODBoLTI2bC03MC40LTcxLjJjLTM5IDQuMi0xMjQuNCAzNC41LTIxNC40LTM3QzQ3IDMwMC4zIDUyIDIxNC43IDAgMzJ6bTc5LjcgNDZjLTQ5LjctMjMuNS01LjIgOS4yLTUuMiA5LjIgNDUuMiAzMS4yIDY2IDczLjcgOTAuMiAxMTkuOSAzMS41IDYwLjIgNzkgMTM5LjcgMTQ0LjIgMTY3LjcgNjUgMjggMzQuMiAxMi41IDYtOC41LTI4LjItMjEuMi02OC4yLTg3LTkxLTEzMC4yLTMxLjctNjAtNjEtMTE4LjYtMTQ0LjItMTU4LjF6Ij48L3BhdGg+PC9zdmc+\" alt=\"\" \/><\/p>\n<header class=\"items-center justify-between leading-tight pl-12 md:pr-12 md:p-4\">\n<h2 class=\"text-lg\"><span class=\"text-black\"><br \/>\nMilj\u00f6ansvarigt<br \/>\n<\/span><\/h2>\n<p class=\"text-grey-darker text-sm\">Dina affischer produceras p\u00e5 lokal anl\u00e4ggning. Detta minskar koldioxidutsl\u00e4ppen med 67%.<\/p>\n<\/header>\n<\/article>\n<p><!-- END Article --><\/p>\n<\/div>\n<p><!-- END Column --><\/p>\n<p><!-- Column --><\/p>\n<div class=\"my-1 px-1 w-full md:w-1\/2 lg:my-4 lg:px-4\">\n<p><!-- Article --><\/p>\n<article class=\"overflow-hidden flex\"><img decoding=\"async\" class=\"w-6 m-4\" src=\"data:image\/svg+xml;base64,ICA8c3ZnIGRhdGEtcHJlZml4PSJmYXMiIGRhdGEtaWNvbj0ibWFnaWMiIGNsYXNzPSJ3LTI0IiByb2xlPSJpbWciIHhtbG5zPSJodHRwOi8vd3d3LnczLm9yZy8yMDAwL3N2ZyIgdmlld0JveD0iMCAwIDUxMiA1MTIiPjxwYXRoIGZpbGw9ImN1cnJlbnRDb2xvciIgZD0iTTIyNCA5NmwxNi0zMiAzMi0xNi0zMi0xNi0xNi0zMi0xNiAzMi0zMiAxNiAzMiAxNiAxNiAzMnpNODAgMTYwbDI2LjY2LTUzLjMzTDE2MCA4MGwtNTMuMzQtMjYuNjdMODAgMCA1My4zNCA1My4zMyAwIDgwbDUzLjM0IDI2LjY3TDgwIDE2MHptMzUyIDEyOGwtMjYuNjYgNTMuMzNMMzUyIDM2OGw1My4zNCAyNi42N0w0MzIgNDQ4bDI2LjY2LTUzLjMzTDUxMiAzNjhsLTUzLjM0LTI2LjY3TDQzMiAyODh6bTcwLjYyLTE5My43N0w0MTcuNzcgOS4zOEM0MTEuNTMgMy4xMiA0MDMuMzQgMCAzOTUuMTUgMGMtOC4xOSAwLTE2LjM4IDMuMTItMjIuNjMgOS4zOEw5LjM4IDM3Mi41MmMtMTIuNSAxMi41LTEyLjUgMzIuNzYgMCA0NS4yNWw4NC44NSA4NC44NWM2LjI1IDYuMjUgMTQuNDQgOS4zNyAyMi42MiA5LjM3IDguMTkgMCAxNi4zOC0zLjEyIDIyLjYzLTkuMzdsMzYzLjE0LTM2My4xNWMxMi41LTEyLjQ4IDEyLjUtMzIuNzUgMC00NS4yNHpNMzU5LjQ1IDIwMy40NmwtNTAuOTEtNTAuOTEgODYuNi04Ni42IDUwLjkxIDUwLjkxLTg2LjYgODYuNnoiPjwvcGF0aD48L3N2Zz4=\" alt=\"\" \/><\/p>\n<header class=\"items-center justify-between leading-tight pl-12 md:pr-12 md:p-4\">\n<h2 class=\"text-lg\"><span class=\"text-black\"><br \/>\nEnkelt att designa<br \/>\n<\/span><\/h2>\n<p class=\"text-grey-darker text-sm\">Skapa enkel v\u00e4ggkonst som ingen annan har och l\u00e5t dit hem spegla dina b\u00e4sta stunder!<\/p>\n<\/header>\n<\/article>\n<p><!-- END Article --><\/p>\n<\/div>\n<p><!-- END Column --><\/p>\n<p><!-- Column --><\/p>\n<div class=\"my-1 px-1 w-full md:w-1\/2 lg:my-4 lg:px-4\">\n<p><!-- Article --><\/p>\n<article class=\"overflow-hidden flex\"><img decoding=\"async\" class=\"w-6 m-4\" src=\"data:image\/svg+xml;base64,IDxzdmcgZGF0YS1wcmVmaXg9ImZhcyIgZGF0YS1pY29uPSJnaWZ0IiBjbGFzcz0idy0yNCIgcm9sZT0iaW1nIiB4bWxucz0iaHR0cDovL3d3dy53My5vcmcvMjAwMC9zdmciIHZpZXdCb3g9IjAgMCA1MTIgNTEyIj48cGF0aCBmaWxsPSJjdXJyZW50Q29sb3IiIGQ9Ik0zMiA0NDhjMCAxNy43IDE0LjMgMzIgMzIgMzJoMTYwVjMyMEgzMnYxMjh6bTI1NiAzMmgxNjBjMTcuNyAwIDMyLTE0LjMgMzItMzJWMzIwSDI4OHYxNjB6bTE5Mi0zMjBoLTQyLjFjNi4yLTEyLjEgMTAuMS0yNS41IDEwLjEtNDAgMC00OC41LTM5LjUtODgtODgtODgtNDEuNiAwLTY4LjUgMjEuMy0xMDMgNjguMy0zNC41LTQ3LTYxLjQtNjguMy0xMDMtNjguMy00OC41IDAtODggMzkuNS04OCA4OCAwIDE0LjUgMy44IDI3LjkgMTAuMSA0MEgzMmMtMTcuNyAwLTMyIDE0LjMtMzIgMzJ2ODBjMCA4LjggNy4yIDE2IDE2IDE2aDQ4MGM4LjggMCAxNi03LjIgMTYtMTZ2LTgwYzAtMTcuNy0xNC4zLTMyLTMyLTMyem0tMzI2LjEgMGMtMjIuMSAwLTQwLTE3LjktNDAtNDBzMTcuOS00MCA0MC00MGMxOS45IDAgMzQuNiAzLjMgODYuMSA4MGgtODYuMXptMjA2LjEgMGgtODYuMWM1MS40LTc2LjUgNjUuNy04MCA4Ni4xLTgwIDIyLjEgMCA0MCAxNy45IDQwIDQwcy0xNy45IDQwLTQwIDQweiI+PC9wYXRoPjwvc3ZnPg==\" alt=\"\" \/><\/p>\n<header class=\"items-center justify-between leading-tight pl-12 md:pr-12 md:p-4\">\n<h2 class=\"text-lg\"><span class=\"text-black\"><br \/>\nS\u00e5 personligt det kan bli<br \/>\n<\/span><\/h2>\n<p class=\"text-grey-darker text-sm\">H\u00f6gkvalitativ tryck p\u00e5 best\u00e4llning, din personliga affisch g\u00f6r en best\u00e5ende, meningsfull g\u00e5va.<\/p>\n<\/header>\n<\/article>\n<p><!-- END Article --><\/p>\n<\/div>\n<p><!-- END Column --><\/p>\n<p><!-- Column --><\/p>\n<div class=\"my-1 px-1 w-full md:w-1\/2 lg:my-4 lg:px-4\">\n<p><!-- Article --><\/p>\n<article class=\"overflow-hidden flex\"><img decoding=\"async\" class=\"w-6 m-4\" src=\"data:image\/svg+xml;base64,IDxzdmcgZGF0YS1wcmVmaXg9ImZhcyIgZGF0YS1pY29uPSJtYXAtbWFya2VyLWFsdCIgY2xhc3M9InctMjQiIHJvbGU9ImltZyIgeG1sbnM9Imh0dHA6Ly93d3cudzMub3JnLzIwMDAvc3ZnIiB2aWV3Qm94PSIwIDAgMzg0IDUxMiI+PHBhdGggZmlsbD0iY3VycmVudENvbG9yIiBkPSJNMTcyLjI2OCA1MDEuNjdDMjYuOTcgMjkxLjAzMSAwIDI2OS40MTMgMCAxOTIgMCA4NS45NjEgODUuOTYxIDAgMTkyIDBzMTkyIDg1Ljk2MSAxOTIgMTkyYzAgNzcuNDEzLTI2Ljk3IDk5LjAzMS0xNzIuMjY4IDMwOS42Ny05LjUzNSAxMy43NzQtMjkuOTMgMTMuNzczLTM5LjQ2NCAwek0xOTIgMjcyYzQ0LjE4MyAwIDgwLTM1LjgxNyA4MC04MHMtMzUuODE3LTgwLTgwLTgwLTgwIDM1LjgxNy04MCA4MCAzNS44MTcgODAgODAgODB6Ij48L3BhdGg+PC9zdmc+\" alt=\"\" \/><\/p>\n<header class=\"items-center justify-between leading-tight pl-12 md:pr-12 md:p-4\">\n<h2 class=\"text-lg\"><span class=\"text-black\"><br \/>\nSkandinavisk design<br \/>\n<\/span><\/h2>\n<p class=\"text-grey-darker text-sm\">V\u00e5ra trendiga och h\u00f6gkvalitativa skandinaviska m\u00f6nster passar alla interi\u00f6rer utan hj\u00e4lp av en expert.<\/p>\n<\/header>\n<\/article>\n<p><!-- END Article --><\/p>\n<\/div>\n<p><!-- END Column --><\/p>\n<\/div>\n<\/div>\n<div class=\"container my-24 mx-auto px-4 md:px-12\">\n<div class=\"flex flex-wrap -mx-1 lg:-mx-4\">\n<p><!-- Column --><\/p>\n<div class=\"my-1 px-12 w-full md:w-1\/2 lg:my-4 lg:px-4\">\n<p><video class=\"ugb-video-background\" src=\"https:\/\/www.mapiful.com\/content\/uploads\/2021\/06\/Lineart-explainer-1.mp4\" loop=\"loop\" muted=\"\" controls=\"controls\" width=\"300\" height=\"150\"><\/video><\/p>\n<\/div>\n<p><!-- END Column --><\/p>\n<p><!-- Column --><\/p>\n<div class=\"my-1 px-1 w-full md:w-1\/2 lg:my-4 lg:px-4\">\n<h2 class=\"text-lg lg:text-2xl text-black pb-4\">Hur du skapar en Line Art poster<\/h2>\n<p class=\"text-lg\">Med den h\u00e4r kollektionen kan du med ett par enkla steg skapa vacker konst fr\u00e5n stilrena, enkla illustrationer p\u00e5 s\u00e4tt som betyder n\u00e5got f\u00f6r just dig.<\/p>\n<article class=\"overflow-hidden flex\"><img decoding=\"async\" class=\"flex-none w-6 h-full m-4\" src=\"data:image\/svg+xml;base64,PHN2ZyB4bWxucz0iaHR0cDovL3d3dy53My5vcmcvMjAwMC9zdmciIHZpZXdCb3g9IjAgMCAxOTAgMTkwIiBzdHlsZT0iZmlsbDogIzc2N0Q2QSAhaW1wb3J0YW50OyBjb2xvcjogIzc2N0Q2QSAhaW1wb3J0YW50Ij48cG9seWdvbiBwb2ludHM9IjE3My44LDI4LjQgNjAuNCwxNDEuOCAxNS43LDk3LjIgNS4xLDEwNy44IDYwLjQsMTYzIDE4NC40LDM5IDE3My44LDI4LjQiIGZpbGw9IiM3NjdENkEiIHN0cm9rZT0iIzc2N0Q2QSIgc3R5bGU9ImZpbGw6IHJnYigxMTgsIDEyNSwgMTA2KTsgc3Ryb2tlOiByZ2IoMTE4LCAxMjUsIDEwNik7Ii8+PC9zdmc+\" \/><\/p>\n<header class=\"items-center justify-between leading-tight pl-12 md:pr-12 md:p-4\">\n<h3 class=\"text-lg\"><span class=\"text-black\"><br \/>\nV\u00e4lj n\u00e5gon av v\u00e5ra handplockade illustrationer.<br \/>\n<\/span><\/h3>\n<p class=\"text-grey-darker text-sm\">Hitta den illustration som symboliserar det viktigaste f\u00f6r dig, eller dina n\u00e4ra.<\/p>\n<\/header>\n<\/article>\n<article class=\"overflow-hidden flex\"><img decoding=\"async\" class=\"flex-none w-6 h-full m-4\" src=\"data:image\/svg+xml;base64,PHN2ZyB4bWxucz0iaHR0cDovL3d3dy53My5vcmcvMjAwMC9zdmciIHZpZXdCb3g9IjAgMCAxOTAgMTkwIiBzdHlsZT0iZmlsbDogIzc2N0Q2QSAhaW1wb3J0YW50OyBjb2xvcjogIzc2N0Q2QSAhaW1wb3J0YW50Ij48cG9seWdvbiBwb2ludHM9IjE3My44LDI4LjQgNjAuNCwxNDEuOCAxNS43LDk3LjIgNS4xLDEwNy44IDYwLjQsMTYzIDE4NC40LDM5IDE3My44LDI4LjQiIGZpbGw9IiM3NjdENkEiIHN0cm9rZT0iIzc2N0Q2QSIgc3R5bGU9ImZpbGw6IHJnYigxMTgsIDEyNSwgMTA2KTsgc3Ryb2tlOiByZ2IoMTE4LCAxMjUsIDEwNik7Ii8+PC9zdmc+\" \/><\/p>\n<header class=\"items-center justify-between leading-tight pl-12 md:pr-12 md:p-4\">\n<h3 class=\"text-lg\"><span class=\"text-black\"><br \/>\nAnpassa utseende och f\u00e4rg<br \/>\n<\/span><\/h3>\n<p class=\"text-grey-darker text-sm\">Varje hem \u00e4r unikt, och med v\u00e5ra trendiga f\u00e4rgteman \u00e4r det enkelt att hitta n\u00e5got som passar alla inredningsstilar.<\/p>\n<\/header>\n<\/article>\n<article class=\"overflow-hidden flex\"><img decoding=\"async\" class=\"flex-none w-6 h-full m-4\" src=\"data:image\/svg+xml;base64,PHN2ZyB4bWxucz0iaHR0cDovL3d3dy53My5vcmcvMjAwMC9zdmciIHZpZXdCb3g9IjAgMCAxOTAgMTkwIiBzdHlsZT0iZmlsbDogIzc2N0Q2QSAhaW1wb3J0YW50OyBjb2xvcjogIzc2N0Q2QSAhaW1wb3J0YW50Ij48cG9seWdvbiBwb2ludHM9IjE3My44LDI4LjQgNjAuNCwxNDEuOCAxNS43LDk3LjIgNS4xLDEwNy44IDYwLjQsMTYzIDE4NC40LDM5IDE3My44LDI4LjQiIGZpbGw9IiM3NjdENkEiIHN0cm9rZT0iIzc2N0Q2QSIgc3R5bGU9ImZpbGw6IHJnYigxMTgsIDEyNSwgMTA2KTsgc3Ryb2tlOiByZ2IoMTE4LCAxMjUsIDEwNik7Ii8+PC9zdmc+\" \/><\/p>\n<header class=\"items-center justify-between leading-tight pl-12 md:pr-12 md:px-12 md:p-4\">\n<h3 class=\"text-lg\"><span class=\"text-black\"><br \/>\nAnpassa texten<br \/>\n<\/span><\/h3>\n<p class=\"text-grey-darker text-sm\">Uttryck det du vill och skapa n\u00e5got riktigt unikt genom att anpassa texten med t.ex. ditt favoritcitat, ett namn p\u00e5 n\u00e5gon du t\u00e4nker p\u00e5 eller n\u00e5got g\u00f6r dig glad varje g\u00e5ng du l\u00e4ser det.<\/p>\n<\/header>\n<\/article>\n<\/div>\n<p><!-- END Column --><\/p>\n<\/div>\n<\/div>\n","protected":false},"excerpt":{"rendered":"<p>Milj\u00f6ansvarigt Dina affischer produceras p\u00e5 lokal anl\u00e4ggning. Detta minskar koldioxidutsl\u00e4ppen med 67%. Enkelt att designa Skapa enkel v\u00e4ggkonst som ingen annan har och l\u00e5t dit hem spegla dina b\u00e4sta stunder! S\u00e5 personligt det kan bli H\u00f6gkvalitativ tryck p\u00e5 best\u00e4llning, din personliga affisch g\u00f6r en best\u00e5ende, meningsfull g\u00e5va. Skandinavisk design V\u00e5ra trendiga och h\u00f6gkvalitativa skandinaviska m\u00f6nster&#8230;<\/p>\n","protected":false},"featured_media":1348464,"template":"","meta":[],"product_cat":[1262,1828,49],"product_tag":[],"class_list":["post-1330116","product","type-product","status-publish","has-post-thumbnail","hentry","product_cat-linearts-sv","product_cat-customisable-prints-sv","product_cat-posters-sv","product_shipping_class-posters-sv"],"acf":[],"featured_image_urls_v2":{"full":["https:\/\/www.mapiful.com\/content\/uploads\/2021\/06\/line-art-woman-poster.png",1280,1280,false],"thumbnail":["https:\/\/www.mapiful.com\/content\/uploads\/2021\/06\/line-art-woman-poster-150x150.png",150,150,true],"medium":["https:\/\/www.mapiful.com\/content\/uploads\/2021\/06\/line-art-woman-poster-300x300.png",300,300,true],"medium_large":["https:\/\/www.mapiful.com\/content\/uploads\/2021\/06\/line-art-woman-poster-768x768.png",768,768,true],"large":["https:\/\/www.mapiful.com\/content\/uploads\/2021\/06\/line-art-woman-poster-1024x1024.png",1024,1024,true],"1536x1536":["https:\/\/www.mapiful.com\/content\/uploads\/2021\/06\/line-art-woman-poster.png",1280,1280,false],"2048x2048":["https:\/\/www.mapiful.com\/content\/uploads\/2021\/06\/line-art-woman-poster.png",1280,1280,false],"woocommerce_thumbnail":["https:\/\/www.mapiful.com\/content\/uploads\/2021\/06\/line-art-woman-poster-300x300.png",300,300,true],"woocommerce_single":["https:\/\/www.mapiful.com\/content\/uploads\/2021\/06\/line-art-woman-poster-600x600.png",600,600,true],"woocommerce_gallery_thumbnail":["https:\/\/www.mapiful.com\/content\/uploads\/2021\/06\/line-art-woman-poster-100x100.png",100,100,true],"wc_order_status_icon":["https:\/\/www.mapiful.com\/content\/uploads\/2021\/06\/line-art-woman-poster-32x32.png",32,32,true]},"post_excerpt_stackable_v2":"<p>Milj\u00f6ansvarigt Dina affischer produceras p\u00e5 lokal anl\u00e4ggning. Detta minskar koldioxidutsl\u00e4ppen med 67%. Enkelt att designa Skapa enkel v\u00e4ggkonst som ingen annan har och l\u00e5t dit hem spegla dina b\u00e4sta stunder! S\u00e5 personligt det kan bli H\u00f6gkvalitativ tryck p\u00e5 best\u00e4llning, din personliga affisch g\u00f6r en best\u00e5ende, meningsfull g\u00e5va. Skandinavisk design V\u00e5ra trendiga och h\u00f6gkvalitativa skandinaviska m\u00f6nster passar alla interi\u00f6rer utan hj\u00e4lp av en expert. Hur du skapar en Line Art poster Med den h\u00e4r kollektionen kan du med ett par enkla steg skapa vacker konst fr\u00e5n stilrena, enkla illustrationer p\u00e5 s\u00e4tt som betyder n\u00e5got f\u00f6r just dig. V\u00e4lj n\u00e5gon av v\u00e5ra&hellip;<\/p>\n","category_list_v2":"","author_info_v2":{"name":"","url":""},"comments_num_v2":"0 comments","_links":{"self":[{"href":"https:\/\/www.mapiful.com\/sv\/wp-json\/wp\/v2\/product\/1330116"}],"collection":[{"href":"https:\/\/www.mapiful.com\/sv\/wp-json\/wp\/v2\/product"}],"about":[{"href":"https:\/\/www.mapiful.com\/sv\/wp-json\/wp\/v2\/types\/product"}],"wp:featuredmedia":[{"embeddable":true,"href":"https:\/\/www.mapiful.com\/sv\/wp-json\/wp\/v2\/media\/1348464"}],"wp:attachment":[{"href":"https:\/\/www.mapiful.com\/sv\/wp-json\/wp\/v2\/media?parent=1330116"}],"wp:term":[{"taxonomy":"product_cat","embeddable":true,"href":"https:\/\/www.mapiful.com\/sv\/wp-json\/wp\/v2\/product_cat?post=1330116"},{"taxonomy":"product_tag","embeddable":true,"href":"https:\/\/www.mapiful.com\/sv\/wp-json\/wp\/v2\/product_tag?post=1330116"}],"curies":[{"name":"wp","href":"https:\/\/api.w.org\/{rel}","templated":true}]}}