{"id":1409076,"date":"2021-09-30T11:15:22","date_gmt":"2021-09-30T09:15:22","guid":{"rendered":"https:\/\/www.mapiful.com\/product\/poster-tiger-sv\/"},"modified":"2021-10-20T09:13:27","modified_gmt":"2021-10-20T07:13:27","slug":"poster-tiger-sv","status":"publish","type":"product","link":"https:\/\/www.mapiful.com\/sv\/produkt\/poster-tiger-sv\/","title":{"rendered":"Poster &#8211; Tiger"},"content":{"rendered":"<p>H\u00f6gkvalitativ, milj\u00f6v\u00e4nlig FSC-certifierad poster tryckt f\u00f6r barnkammaren. Vi anv\u00e4nder 200 g \/ m2 tjockt papper med en sl\u00e4t matt finish.<\/p>\n<p>&nbsp;<\/p>\n<p>P\u00e5 grund av v\u00e5ra produkters anpassade karakt\u00e4r kan vi inte acceptera returer eller byten. F\u00f6r tydlighetens skull \u00e4r Mapiful inte ansvarig i fall d\u00e4r kunden har uppgett felaktig information.<\/p>\n","protected":false},"excerpt":{"rendered":"<p>Poster av h\u00f6g kvalitet som kan anpassas f\u00f6r att lysa upp ditt barns v\u00e4gg.<\/p>\n<p>V\u00e4lj din storlek och ange din text i rutan nedan f\u00f6r att anpassa din poster.<\/p>\n<p>&nbsp;<\/p>\n<p>Oavsett om du l\u00e4gger till ditt barns namn eller ett citat, kommer din valda text att visas under bilden och skapa en poster som \u00e4r unik f\u00f6r ditt barn.<\/p>\n<p>&nbsp;<\/p>\n","protected":false},"featured_media":0,"template":"","meta":[],"product_cat":[1609,1618,1828],"product_tag":[],"class_list":["post-1409076","product","type-product","status-publish","hentry","product_cat-barn-kollektionen","product_cat-barnposters","product_cat-customisable-prints-sv"],"acf":[],"featured_image_urls_v2":{"full":"","thumbnail":"","medium":"","medium_large":"","large":"","1536x1536":"","2048x2048":"","woocommerce_thumbnail":"","woocommerce_single":"","woocommerce_gallery_thumbnail":"","wc_order_status_icon":""},"post_excerpt_stackable_v2":"<p>Poster av h\u00f6g kvalitet som kan anpassas f\u00f6r att lysa upp ditt barns v\u00e4gg.<\/p>\n<p>V\u00e4lj din storlek och ange din text i rutan nedan f\u00f6r att anpassa din poster.<\/p>\n<p>&nbsp;<\/p>\n<p>Oavsett om du l\u00e4gger till ditt barns namn eller ett citat, kommer din valda text att visas under bilden och skapa en poster som \u00e4r unik f\u00f6r ditt barn.<\/p>\n<p>&nbsp;<\/p>\n","category_list_v2":"","author_info_v2":{"name":"","url":""},"comments_num_v2":"0 comments","_links":{"self":[{"href":"https:\/\/www.mapiful.com\/sv\/wp-json\/wp\/v2\/product\/1409076"}],"collection":[{"href":"https:\/\/www.mapiful.com\/sv\/wp-json\/wp\/v2\/product"}],"about":[{"href":"https:\/\/www.mapiful.com\/sv\/wp-json\/wp\/v2\/types\/product"}],"wp:attachment":[{"href":"https:\/\/www.mapiful.com\/sv\/wp-json\/wp\/v2\/media?parent=1409076"}],"wp:term":[{"taxonomy":"product_cat","embeddable":true,"href":"https:\/\/www.mapiful.com\/sv\/wp-json\/wp\/v2\/product_cat?post=1409076"},{"taxonomy":"product_tag","embeddable":true,"href":"https:\/\/www.mapiful.com\/sv\/wp-json\/wp\/v2\/product_tag?post=1409076"}],"curies":[{"name":"wp","href":"https:\/\/api.w.org\/{rel}","templated":true}]}}