{"id":1411289,"date":"2021-09-29T18:01:40","date_gmt":"2021-09-29T16:01:40","guid":{"rendered":"https:\/\/www.mapiful.com\/product\/tygkasse-pingvin\/"},"modified":"2021-10-21T11:13:30","modified_gmt":"2021-10-21T09:13:30","slug":"tygkasse-pingvin","status":"publish","type":"product","link":"https:\/\/www.mapiful.com\/sv\/produkt\/tygkasse-pingvin\/","title":{"rendered":"Tygkasse &#8211; Pingvin"},"content":{"rendered":"<p>Snygga och praktiska, anpassningsbara tygkassar som t\u00e4cker dina barns behov.<\/p>\n<p>&nbsp;<\/p>\n<p>Med:<br \/>\n&#8211; F\u00f6rst\u00e4rkt s\u00f6m p\u00e5 handtagen<br \/>\n&#8211; 10 liter b\u00e4rkapacitet<br \/>\n&#8211; 100% bomull, 310 &#8211; 400 g\/m\u00b2<\/p>\n<p>&nbsp; <\/p>\n<p>P\u00e5 grund av v\u00e5ra produkters anpassade karakt\u00e4r kan vi inte acceptera returer eller byten. F\u00f6r tydlighetens skull \u00e4r Mapiful inte ansvarig i fall d\u00e4r kunden har uppgett felaktig information.<\/p>\n","protected":false},"excerpt":{"rendered":"<p>Snygga och praktiska, anpassningsbara tygkassar som t\u00e4cker dina barns  behov.<\/p>\n<p>&nbsp; <\/p>\n<p>Anpassa din tygkasse genom att ange din text i rutan nedan.<\/p>\n<p>&nbsp;<\/p>\n<p>Oavsett om du v\u00e4ljer att l\u00e4gga till ditt barns namn eller bara en enkel etikett, kommer din unika design att tryckas p\u00e5 framsidan av kassen.<\/p>\n<p>&nbsp; <\/p>\n","protected":false},"featured_media":0,"template":"","meta":[],"product_cat":[1609,1636],"product_tag":[],"class_list":["post-1411289","product","type-product","status-publish","hentry","product_cat-barn-kollektionen","product_cat-premium-tygkassar"],"acf":[],"featured_image_urls_v2":{"full":"","thumbnail":"","medium":"","medium_large":"","large":"","1536x1536":"","2048x2048":"","woocommerce_thumbnail":"","woocommerce_single":"","woocommerce_gallery_thumbnail":"","wc_order_status_icon":""},"post_excerpt_stackable_v2":"<p>Snygga och praktiska, anpassningsbara tygkassar som t\u00e4cker dina barns  behov.<\/p>\n<p>&nbsp; <\/p>\n<p>Anpassa din tygkasse genom att ange din text i rutan nedan.<\/p>\n<p>&nbsp;<\/p>\n<p>Oavsett om du v\u00e4ljer att l\u00e4gga till ditt barns namn eller bara en enkel etikett, kommer din unika design att tryckas p\u00e5 framsidan av kassen.<\/p>\n<p>&nbsp; <\/p>\n","category_list_v2":"","author_info_v2":{"name":"","url":""},"comments_num_v2":"0 comments","_links":{"self":[{"href":"https:\/\/www.mapiful.com\/sv\/wp-json\/wp\/v2\/product\/1411289"}],"collection":[{"href":"https:\/\/www.mapiful.com\/sv\/wp-json\/wp\/v2\/product"}],"about":[{"href":"https:\/\/www.mapiful.com\/sv\/wp-json\/wp\/v2\/types\/product"}],"wp:attachment":[{"href":"https:\/\/www.mapiful.com\/sv\/wp-json\/wp\/v2\/media?parent=1411289"}],"wp:term":[{"taxonomy":"product_cat","embeddable":true,"href":"https:\/\/www.mapiful.com\/sv\/wp-json\/wp\/v2\/product_cat?post=1411289"},{"taxonomy":"product_tag","embeddable":true,"href":"https:\/\/www.mapiful.com\/sv\/wp-json\/wp\/v2\/product_tag?post=1411289"}],"curies":[{"name":"wp","href":"https:\/\/api.w.org\/{rel}","templated":true}]}}