{"id":1411334,"date":"2021-09-30T09:38:41","date_gmt":"2021-09-30T07:38:41","guid":{"rendered":"https:\/\/www.mapiful.com\/product\/kortarmad-onesie-rav\/"},"modified":"2021-10-20T17:28:56","modified_gmt":"2021-10-20T15:28:56","slug":"kortarmad-onesie-rav","status":"publish","type":"product","link":"https:\/\/www.mapiful.com\/sv\/produkt\/kortarmad-onesie-rav\/","title":{"rendered":"Kort\u00e4rmad Onesie &#8211; R\u00e4v"},"content":{"rendered":"<p>Anpassningsbara baby-onesies med kort \u00e4rm som kombinerar b\u00e5de funktion och mode.<\/p>\n<p>&nbsp;<\/p>\n<p>Med:<br \/>\n&#8211; Hals-, axel-, \u00e4rm- och ben\u00f6ppningar<br \/>\n&#8211; 100% bomull som \u00e4r v\u00e4ndlig mot ditt barns hud<br \/>\n&#8211; Unisex i tre olika storlekar<br \/>\n&#8211; Avslappnad passform f\u00f6r att ge utrymme f\u00f6r tillv\u00e4xt<\/p>\n<p>&nbsp;<\/p>\n<h3><u> Storleksguide <\/u><\/h3>\n<p>&nbsp;<\/p>\n<div class=\"block md:flex\">\n<div class=\"pr-3 sm:text-center\"><img loading=\"lazy\" decoding=\"async\" class=\"alignleft wp-image-1247399 size-full\" src=\" https:\/\/mapiful.com\/content\/uploads\/2021\/09\/baby-onesie.png\" alt=\"\" width=\"240\" height=\"280\" \/><\/div>\n<p>&nbsp;<\/p>\n<div>\n<p>A) L\u00e4ngd<br \/>\nL\u00e4gg \u00e4nden av ett m\u00e5ttband bredvid kragen h\u00f6gst upp p\u00e5 onesien (h\u00f6jdpunktsaxel). Dra tejpen till botten av onesien.<\/p>\n<p>&nbsp;<\/p>\n<p>B) Halva br\u00f6stet<\/p>\n<p>L\u00e4gg ner plagget p\u00e5 en plan yta och m\u00e4t det fr\u00e5n v\u00e4nster till h\u00f6ger tv\u00e4rs \u00f6ver br\u00f6stet, cirka 2 cm under armarna.<\/p>\n<p>&nbsp;<\/p>\n<table class=\"table-fixed\">\n<thead>\n<tr class=\"bg-grey-200\">\n<th class=\"w-1\/3\"><\/th>\n<th class=\"w-1\/4 text-left\">6 m\u00e5nader<\/th>\n<th class=\"w-1\/4 text-left\">12 m\u00e5nader<\/th>\n<th class=\"w-1\/4 text-left\">18 m\u00e5nader<\/th>\n<\/tr>\n<\/thead>\n<tbody>\n<tr>\n<td>A) L\u00e4ngd<\/td>\n<td>29,8 cm<\/td>\n<td>32,4 cm<\/td>\n<td>34,9 cm<\/td>\n<\/tr>\n<tr>\n<td>B) Halva br\u00f6stet<\/td>\n<td>22,9 cm<\/td>\n<td>25,4 cm<\/td>\n<td>27,9 cm<\/td>\n<\/tr>\n<\/tbody>\n<\/table>\n<p>&nbsp;<\/p>\n<\/div>\n<\/div>\n<p>P\u00e5 grund av v\u00e5ra produkters anpassade karakt\u00e4r kan vi inte acceptera returer eller byten. F\u00f6r tydlighetens skull \u00e4r Mapiful inte ansvarig i fall d\u00e4r kunden har uppgett felaktig information.<\/p>\n","protected":false},"excerpt":{"rendered":"<p>V\u00e5ra personliga kort\u00e4rmade onesies \u00e4r gjorda av 100% ekologisk bomull, som kombinerar b\u00e5de funktion och mode.<\/p>\n<p>&nbsp;<\/p>\n<p>V\u00e4lj din storlek och ange din anpassade text i rutan nedan.<\/p>\n<p>&nbsp;<\/p>\n<p>Oavsett om du v\u00e4ljer ditt barns namn eller f\u00f6delsedatum, kommer din valda illustraton och text att skrivas ut i mitten av onesien.<\/p>\n<p>&nbsp;<\/p>\n","protected":false},"featured_media":0,"template":"","meta":[],"product_cat":[1609,1627],"product_tag":[],"class_list":["post-1411334","product","type-product","status-publish","hentry","product_cat-barn-kollektionen","product_cat-kortarmad-onesie"],"acf":[],"featured_image_urls_v2":{"full":"","thumbnail":"","medium":"","medium_large":"","large":"","1536x1536":"","2048x2048":"","woocommerce_thumbnail":"","woocommerce_single":"","woocommerce_gallery_thumbnail":"","wc_order_status_icon":""},"post_excerpt_stackable_v2":"<p>V\u00e5ra personliga kort\u00e4rmade onesies \u00e4r gjorda av 100% ekologisk bomull, som kombinerar b\u00e5de funktion och mode.<\/p>\n<p>&nbsp;<\/p>\n<p>V\u00e4lj din storlek och ange din anpassade text i rutan nedan.<\/p>\n<p>&nbsp;<\/p>\n<p>Oavsett om du v\u00e4ljer ditt barns namn eller f\u00f6delsedatum, kommer din valda illustraton och text att skrivas ut i mitten av onesien.<\/p>\n<p>&nbsp;<\/p>\n","category_list_v2":"","author_info_v2":{"name":"","url":""},"comments_num_v2":"0 comments","_links":{"self":[{"href":"https:\/\/www.mapiful.com\/sv\/wp-json\/wp\/v2\/product\/1411334"}],"collection":[{"href":"https:\/\/www.mapiful.com\/sv\/wp-json\/wp\/v2\/product"}],"about":[{"href":"https:\/\/www.mapiful.com\/sv\/wp-json\/wp\/v2\/types\/product"}],"wp:attachment":[{"href":"https:\/\/www.mapiful.com\/sv\/wp-json\/wp\/v2\/media?parent=1411334"}],"wp:term":[{"taxonomy":"product_cat","embeddable":true,"href":"https:\/\/www.mapiful.com\/sv\/wp-json\/wp\/v2\/product_cat?post=1411334"},{"taxonomy":"product_tag","embeddable":true,"href":"https:\/\/www.mapiful.com\/sv\/wp-json\/wp\/v2\/product_tag?post=1411334"}],"curies":[{"name":"wp","href":"https:\/\/api.w.org\/{rel}","templated":true}]}}