{"id":1580688,"date":"2022-11-02T09:41:20","date_gmt":"2022-11-02T08:41:20","guid":{"rendered":"https:\/\/www.mapiful.com\/product\/digitalt-presentkort\/"},"modified":"2022-11-21T11:05:58","modified_gmt":"2022-11-21T10:05:58","slug":"digitalt-presentkort","status":"publish","type":"product","link":"https:\/\/www.mapiful.com\/sv\/produkt\/digitalt-presentkort\/","title":{"rendered":"Digitalt presentkort"},"content":{"rendered":"<p style=\"text-align: center;\">Presentkort \u00e4r giltiga i 1 \u00e5r, r\u00e4knat fr\u00e5n det datum d\u00e5 det k\u00f6ptes, och kan endast anv\u00e4ndas p\u00e5 Mapiful.com<\/p>\n<p style=\"text-align: center;\">\n<p style=\"text-align: center;\"><strong>N\u00e4r presentkortet skall utnyttjas m\u00e5ste k\u00f6pet ske i samma valuta som presentkortet k\u00f6ptes med.<\/strong><\/p>\n","protected":false},"excerpt":{"rendered":"<p>Att ge bort kreativ frihet \u00e4r en fantastisk g\u00e5va. Ge dina n\u00e4ra och k\u00e4ra m\u00f6jligheten att skapa den perfekta presenten till sig sj\u00e4lva med v\u00e5ra prints och ramar. N\u00e4r du k\u00f6per ett presentkort kan du v\u00e4lja om det ska skickas direkt till mottagaren, eller till dig sj\u00e4lv om du vill l\u00e4mna \u00f6ver det personligen. Efter k\u00f6pet genomf\u00f6rs s\u00e5 skickas presentkortet ut p\u00e5 direkten.<\/p>\n<p>&nbsp;<\/p>\n<p><strong>F\u00e4lten &#8220;Till\/To&#8221; och &#8220;Fr\u00e5n\/From&#8221; \u00e4r n\u00f6dv\u00e4ndiga f\u00f6r att kunna k\u00f6pa.<\/strong> Det betyder d\u00e4remot inte att du m\u00e5ste ange ditt riktiga namn, om du vill varar hemlighetsfull. Du kan \u00e4ven ange din egen mailadress f\u00f6r att f\u00e5 koden skickad till dig, s\u00e5 att du personligen kan l\u00e4mna \u00f6ver den vid ett senare tillf\u00e4lle. Du kan \u00e4ven skicka med en personlig h\u00e4lsning som kommer att inkluderas i mailet som skickas ut.<\/p>\n","protected":false},"featured_media":1646049,"template":"","meta":[],"product_cat":[1864],"product_tag":[],"class_list":["post-1580688","product","type-product","status-publish","has-post-thumbnail","hentry","product_cat-gift-card-sv"],"acf":[],"featured_image_urls_v2":{"full":["https:\/\/www.mapiful.com\/content\/uploads\/2023\/11\/gifting.webp",1024,1024,false],"thumbnail":["https:\/\/www.mapiful.com\/content\/uploads\/2023\/11\/gifting-150x150.webp",150,150,true],"medium":["https:\/\/www.mapiful.com\/content\/uploads\/2023\/11\/gifting-300x300.webp",300,300,true],"medium_large":["https:\/\/www.mapiful.com\/content\/uploads\/2023\/11\/gifting-768x768.webp",768,768,true],"large":["https:\/\/www.mapiful.com\/content\/uploads\/2023\/11\/gifting-1024x1024.webp",1024,1024,true],"1536x1536":["https:\/\/www.mapiful.com\/content\/uploads\/2023\/11\/gifting.webp",1024,1024,false],"2048x2048":["https:\/\/www.mapiful.com\/content\/uploads\/2023\/11\/gifting.webp",1024,1024,false],"woocommerce_thumbnail":["https:\/\/www.mapiful.com\/content\/uploads\/2023\/11\/gifting-300x300.webp",300,300,true],"woocommerce_single":["https:\/\/www.mapiful.com\/content\/uploads\/2023\/11\/gifting-600x600.webp",600,600,true],"woocommerce_gallery_thumbnail":["https:\/\/www.mapiful.com\/content\/uploads\/2023\/11\/gifting-100x100.webp",100,100,true],"wc_order_status_icon":["https:\/\/www.mapiful.com\/content\/uploads\/2023\/11\/gifting-32x32.webp",32,32,true]},"post_excerpt_stackable_v2":"<p>Att ge bort kreativ frihet \u00e4r en fantastisk g\u00e5va. Ge dina n\u00e4ra och k\u00e4ra m\u00f6jligheten att skapa den perfekta presenten till sig sj\u00e4lva med v\u00e5ra prints och ramar. N\u00e4r du k\u00f6per ett presentkort kan du v\u00e4lja om det ska skickas direkt till mottagaren, eller till dig sj\u00e4lv om du vill l\u00e4mna \u00f6ver det personligen. Efter k\u00f6pet genomf\u00f6rs s\u00e5 skickas presentkortet ut p\u00e5 direkten.<\/p>\n<p>&nbsp;<\/p>\n<p><strong>F\u00e4lten &#8220;Till\/To&#8221; och &#8220;Fr\u00e5n\/From&#8221; \u00e4r n\u00f6dv\u00e4ndiga f\u00f6r att kunna k\u00f6pa.<\/strong> Det betyder d\u00e4remot inte att du m\u00e5ste ange ditt riktiga namn, om du vill varar hemlighetsfull. Du kan \u00e4ven ange din egen mailadress f\u00f6r att f\u00e5 koden skickad till dig, s\u00e5 att du personligen kan l\u00e4mna \u00f6ver den vid ett senare tillf\u00e4lle. Du kan \u00e4ven skicka med en personlig h\u00e4lsning som kommer att inkluderas i mailet som skickas ut.<\/p>\n","category_list_v2":"","author_info_v2":{"name":"","url":""},"comments_num_v2":"0 comments","_links":{"self":[{"href":"https:\/\/www.mapiful.com\/sv\/wp-json\/wp\/v2\/product\/1580688"}],"collection":[{"href":"https:\/\/www.mapiful.com\/sv\/wp-json\/wp\/v2\/product"}],"about":[{"href":"https:\/\/www.mapiful.com\/sv\/wp-json\/wp\/v2\/types\/product"}],"wp:featuredmedia":[{"embeddable":true,"href":"https:\/\/www.mapiful.com\/sv\/wp-json\/wp\/v2\/media\/1646049"}],"wp:attachment":[{"href":"https:\/\/www.mapiful.com\/sv\/wp-json\/wp\/v2\/media?parent=1580688"}],"wp:term":[{"taxonomy":"product_cat","embeddable":true,"href":"https:\/\/www.mapiful.com\/sv\/wp-json\/wp\/v2\/product_cat?post=1580688"},{"taxonomy":"product_tag","embeddable":true,"href":"https:\/\/www.mapiful.com\/sv\/wp-json\/wp\/v2\/product_tag?post=1580688"}],"curies":[{"name":"wp","href":"https:\/\/api.w.org\/{rel}","templated":true}]}}