{"id":462617,"date":"2019-10-18T12:42:09","date_gmt":"2019-10-18T11:42:09","guid":{"rendered":"https:\/\/www.mapiful.com\/product\/posterhangare-ek\/"},"modified":"2021-12-16T10:56:52","modified_gmt":"2021-12-16T09:56:52","slug":"posterhangare-tra","status":"publish","type":"product","link":"https:\/\/www.mapiful.com\/sv\/produkt\/posterhangare-tra\/","title":{"rendered":"Posterh\u00e4ngare Tr\u00e4"},"content":{"rendered":"","protected":false},"excerpt":{"rendered":"<p>V\u00e5ra magnetlistramar \u00e4r b\u00e5de trendiga och riktigt enkla och smidiga att anv\u00e4nda sig av. Varje posterh\u00e4ngare inneh\u00e5ller fyra robusta tr\u00e4pinnar, tv\u00e5 som kl\u00e4mmer fast p\u00e5 toppen av din poster och tv\u00e5 som kl\u00e4mmer fast botten och ett sn\u00f6re som matchar h\u00e4ngarens f\u00e4rg. Den magnetiska designen speglar din Mapiful perfekt!<\/p>\n","protected":false},"featured_media":1470868,"template":"","meta":[],"product_cat":[537,48],"product_tag":[],"class_list":["post-462617","product","type-product","status-publish","has-post-thumbnail","hentry","product_cat-hangers-sv","product_cat-frames-sv","product_shipping_class-frames-sv"],"acf":[],"featured_image_urls_v2":{"full":["https:\/\/www.mapiful.com\/content\/uploads\/2019\/10\/Wooden-poster-hanger.jpg",1000,1000,false],"thumbnail":["https:\/\/www.mapiful.com\/content\/uploads\/2019\/10\/Wooden-poster-hanger-150x150.jpg",150,150,true],"medium":["https:\/\/www.mapiful.com\/content\/uploads\/2019\/10\/Wooden-poster-hanger-300x300.jpg",300,300,true],"medium_large":["https:\/\/www.mapiful.com\/content\/uploads\/2019\/10\/Wooden-poster-hanger-768x768.jpg",768,768,true],"large":["https:\/\/www.mapiful.com\/content\/uploads\/2019\/10\/Wooden-poster-hanger.jpg",1000,1000,false],"1536x1536":["https:\/\/www.mapiful.com\/content\/uploads\/2019\/10\/Wooden-poster-hanger.jpg",1000,1000,false],"2048x2048":["https:\/\/www.mapiful.com\/content\/uploads\/2019\/10\/Wooden-poster-hanger.jpg",1000,1000,false],"woocommerce_thumbnail":["https:\/\/www.mapiful.com\/content\/uploads\/2019\/10\/Wooden-poster-hanger-300x300.jpg",300,300,true],"woocommerce_single":["https:\/\/www.mapiful.com\/content\/uploads\/2019\/10\/Wooden-poster-hanger-600x600.jpg",600,600,true],"woocommerce_gallery_thumbnail":["https:\/\/www.mapiful.com\/content\/uploads\/2019\/10\/Wooden-poster-hanger-100x100.jpg",100,100,true],"wc_order_status_icon":["https:\/\/www.mapiful.com\/content\/uploads\/2019\/10\/Wooden-poster-hanger-32x32.jpg",32,32,true]},"post_excerpt_stackable_v2":"<p>V\u00e5ra magnetlistramar \u00e4r b\u00e5de trendiga och riktigt enkla och smidiga att anv\u00e4nda sig av. Varje posterh\u00e4ngare inneh\u00e5ller fyra robusta tr\u00e4pinnar, tv\u00e5 som kl\u00e4mmer fast p\u00e5 toppen av din poster och tv\u00e5 som kl\u00e4mmer fast botten och ett sn\u00f6re som matchar h\u00e4ngarens f\u00e4rg. Den magnetiska designen speglar din Mapiful perfekt!<\/p>\n","category_list_v2":"","author_info_v2":{"name":"","url":""},"comments_num_v2":"0 comments","_links":{"self":[{"href":"https:\/\/www.mapiful.com\/sv\/wp-json\/wp\/v2\/product\/462617"}],"collection":[{"href":"https:\/\/www.mapiful.com\/sv\/wp-json\/wp\/v2\/product"}],"about":[{"href":"https:\/\/www.mapiful.com\/sv\/wp-json\/wp\/v2\/types\/product"}],"wp:featuredmedia":[{"embeddable":true,"href":"https:\/\/www.mapiful.com\/sv\/wp-json\/wp\/v2\/media\/1470868"}],"wp:attachment":[{"href":"https:\/\/www.mapiful.com\/sv\/wp-json\/wp\/v2\/media?parent=462617"}],"wp:term":[{"taxonomy":"product_cat","embeddable":true,"href":"https:\/\/www.mapiful.com\/sv\/wp-json\/wp\/v2\/product_cat?post=462617"},{"taxonomy":"product_tag","embeddable":true,"href":"https:\/\/www.mapiful.com\/sv\/wp-json\/wp\/v2\/product_tag?post=462617"}],"curies":[{"name":"wp","href":"https:\/\/api.w.org\/{rel}","templated":true}]}}