{"id":462638,"date":"2019-10-18T11:43:31","date_gmt":"2019-10-18T10:43:31","guid":{"rendered":"https:\/\/www.mapiful.com\/product\/silverram\/"},"modified":"2021-12-15T23:06:38","modified_gmt":"2021-12-15T22:06:38","slug":"silverram","status":"publish","type":"product","link":"https:\/\/www.mapiful.com\/sv\/produkt\/silverram\/","title":{"rendered":"Metall ram i Silver"},"content":{"rendered":"","protected":false},"excerpt":{"rendered":"<p>Skapa en modern touch till ditt hem med v\u00e5ra metallramar. Med ett urval av guld, silver eller svart, ger dessa snygga och h\u00f6gkvalitativa ramar ett perfekt kontur till dina unika affischer! S\u00e4kra,l\u00e4tta och deras 1 mm tjocka plexiglas g\u00f6r dem super t\u00e5liga och ger en super stark fokus p\u00e5 din v\u00e4ggkonst.<\/p>\n","protected":false},"featured_media":1470541,"template":"","meta":[],"product_cat":[48,531],"product_tag":[],"class_list":["post-462638","product","type-product","status-publish","has-post-thumbnail","hentry","product_cat-frames-sv","product_cat-full-frames-sv","product_shipping_class-frames-sv"],"acf":[],"featured_image_urls_v2":{"full":["https:\/\/www.mapiful.com\/content\/uploads\/2019\/10\/Silver-Metal-Frame-Front-View-1.jpg",1000,1000,false],"thumbnail":["https:\/\/www.mapiful.com\/content\/uploads\/2019\/10\/Silver-Metal-Frame-Front-View-1-150x150.jpg",150,150,true],"medium":["https:\/\/www.mapiful.com\/content\/uploads\/2019\/10\/Silver-Metal-Frame-Front-View-1-300x300.jpg",300,300,true],"medium_large":["https:\/\/www.mapiful.com\/content\/uploads\/2019\/10\/Silver-Metal-Frame-Front-View-1-768x768.jpg",768,768,true],"large":["https:\/\/www.mapiful.com\/content\/uploads\/2019\/10\/Silver-Metal-Frame-Front-View-1.jpg",1000,1000,false],"1536x1536":["https:\/\/www.mapiful.com\/content\/uploads\/2019\/10\/Silver-Metal-Frame-Front-View-1.jpg",1000,1000,false],"2048x2048":["https:\/\/www.mapiful.com\/content\/uploads\/2019\/10\/Silver-Metal-Frame-Front-View-1.jpg",1000,1000,false],"woocommerce_thumbnail":["https:\/\/www.mapiful.com\/content\/uploads\/2019\/10\/Silver-Metal-Frame-Front-View-1-300x300.jpg",300,300,true],"woocommerce_single":["https:\/\/www.mapiful.com\/content\/uploads\/2019\/10\/Silver-Metal-Frame-Front-View-1-600x600.jpg",600,600,true],"woocommerce_gallery_thumbnail":["https:\/\/www.mapiful.com\/content\/uploads\/2019\/10\/Silver-Metal-Frame-Front-View-1-100x100.jpg",100,100,true],"wc_order_status_icon":["https:\/\/www.mapiful.com\/content\/uploads\/2019\/10\/Silver-Metal-Frame-Front-View-1-32x32.jpg",32,32,true]},"post_excerpt_stackable_v2":"<p>Skapa en modern touch till ditt hem med v\u00e5ra metallramar. Med ett urval av guld, silver eller svart, ger dessa snygga och h\u00f6gkvalitativa ramar ett perfekt kontur till dina unika affischer! S\u00e4kra,l\u00e4tta och deras 1 mm tjocka plexiglas g\u00f6r dem super t\u00e5liga och ger en super stark fokus p\u00e5 din v\u00e4ggkonst.<\/p>\n","category_list_v2":"","author_info_v2":{"name":"","url":""},"comments_num_v2":"0 comments","_links":{"self":[{"href":"https:\/\/www.mapiful.com\/sv\/wp-json\/wp\/v2\/product\/462638"}],"collection":[{"href":"https:\/\/www.mapiful.com\/sv\/wp-json\/wp\/v2\/product"}],"about":[{"href":"https:\/\/www.mapiful.com\/sv\/wp-json\/wp\/v2\/types\/product"}],"wp:featuredmedia":[{"embeddable":true,"href":"https:\/\/www.mapiful.com\/sv\/wp-json\/wp\/v2\/media\/1470541"}],"wp:attachment":[{"href":"https:\/\/www.mapiful.com\/sv\/wp-json\/wp\/v2\/media?parent=462638"}],"wp:term":[{"taxonomy":"product_cat","embeddable":true,"href":"https:\/\/www.mapiful.com\/sv\/wp-json\/wp\/v2\/product_cat?post=462638"},{"taxonomy":"product_tag","embeddable":true,"href":"https:\/\/www.mapiful.com\/sv\/wp-json\/wp\/v2\/product_tag?post=462638"}],"curies":[{"name":"wp","href":"https:\/\/api.w.org\/{rel}","templated":true}]}}