{"id":462662,"date":"2019-10-18T11:26:01","date_gmt":"2019-10-18T10:26:01","guid":{"rendered":"https:\/\/www.mapiful.com\/product\/traram-ek\/"},"modified":"2021-12-15T23:28:56","modified_gmt":"2021-12-15T22:28:56","slug":"traram","status":"publish","type":"product","link":"https:\/\/www.mapiful.com\/sv\/produkt\/traram\/","title":{"rendered":"Tr\u00e4ram"},"content":{"rendered":"<p><br data-mce-bogus=\"1\"><\/p>\n","protected":false},"excerpt":{"rendered":"<p>Tillverkade av \u00e4kta tr\u00e4 med en robust konstruktion och enkel montering, dessa eleganta ramar finns i ett urval av f\u00e4rger inklusive elegant svart, skarpt vitt och naturligt tr\u00e4.<\/p>\n<p>S\u00e4ker och l\u00e4tt, deras 1 mm tjocka plexiglas g\u00f6r dem supert\u00e5liga och ger en knivskarp fokus f\u00f6r din v\u00e4ggkonst.<\/p>\n","protected":false},"featured_media":1470715,"template":"","meta":[],"product_cat":[48,531],"product_tag":[],"class_list":["post-462662","product","type-product","status-publish","has-post-thumbnail","hentry","product_cat-frames-sv","product_cat-full-frames-sv","product_shipping_class-frames-sv"],"acf":[],"featured_image_urls_v2":{"full":["https:\/\/www.mapiful.com\/content\/uploads\/2019\/10\/Natural-Wood-Frame-Front-View.jpg",1000,1000,false],"thumbnail":["https:\/\/www.mapiful.com\/content\/uploads\/2019\/10\/Natural-Wood-Frame-Front-View-150x150.jpg",150,150,true],"medium":["https:\/\/www.mapiful.com\/content\/uploads\/2019\/10\/Natural-Wood-Frame-Front-View-300x300.jpg",300,300,true],"medium_large":["https:\/\/www.mapiful.com\/content\/uploads\/2019\/10\/Natural-Wood-Frame-Front-View-768x768.jpg",768,768,true],"large":["https:\/\/www.mapiful.com\/content\/uploads\/2019\/10\/Natural-Wood-Frame-Front-View.jpg",1000,1000,false],"1536x1536":["https:\/\/www.mapiful.com\/content\/uploads\/2019\/10\/Natural-Wood-Frame-Front-View.jpg",1000,1000,false],"2048x2048":["https:\/\/www.mapiful.com\/content\/uploads\/2019\/10\/Natural-Wood-Frame-Front-View.jpg",1000,1000,false],"woocommerce_thumbnail":["https:\/\/www.mapiful.com\/content\/uploads\/2019\/10\/Natural-Wood-Frame-Front-View-300x300.jpg",300,300,true],"woocommerce_single":["https:\/\/www.mapiful.com\/content\/uploads\/2019\/10\/Natural-Wood-Frame-Front-View-600x600.jpg",600,600,true],"woocommerce_gallery_thumbnail":["https:\/\/www.mapiful.com\/content\/uploads\/2019\/10\/Natural-Wood-Frame-Front-View-100x100.jpg",100,100,true],"wc_order_status_icon":["https:\/\/www.mapiful.com\/content\/uploads\/2019\/10\/Natural-Wood-Frame-Front-View-32x32.jpg",32,32,true]},"post_excerpt_stackable_v2":"<p>Tillverkade av \u00e4kta tr\u00e4 med en robust konstruktion och enkel montering, dessa eleganta ramar finns i ett urval av f\u00e4rger inklusive elegant svart, skarpt vitt och naturligt tr\u00e4.<\/p>\n<p>S\u00e4ker och l\u00e4tt, deras 1 mm tjocka plexiglas g\u00f6r dem supert\u00e5liga och ger en knivskarp fokus f\u00f6r din v\u00e4ggkonst.<\/p>\n","category_list_v2":"","author_info_v2":{"name":"","url":""},"comments_num_v2":"0 comments","_links":{"self":[{"href":"https:\/\/www.mapiful.com\/sv\/wp-json\/wp\/v2\/product\/462662"}],"collection":[{"href":"https:\/\/www.mapiful.com\/sv\/wp-json\/wp\/v2\/product"}],"about":[{"href":"https:\/\/www.mapiful.com\/sv\/wp-json\/wp\/v2\/types\/product"}],"wp:featuredmedia":[{"embeddable":true,"href":"https:\/\/www.mapiful.com\/sv\/wp-json\/wp\/v2\/media\/1470715"}],"wp:attachment":[{"href":"https:\/\/www.mapiful.com\/sv\/wp-json\/wp\/v2\/media?parent=462662"}],"wp:term":[{"taxonomy":"product_cat","embeddable":true,"href":"https:\/\/www.mapiful.com\/sv\/wp-json\/wp\/v2\/product_cat?post=462662"},{"taxonomy":"product_tag","embeddable":true,"href":"https:\/\/www.mapiful.com\/sv\/wp-json\/wp\/v2\/product_tag?post=462662"}],"curies":[{"name":"wp","href":"https:\/\/api.w.org\/{rel}","templated":true}]}}