{"id":462676,"date":"2019-10-18T10:41:11","date_gmt":"2019-10-18T09:41:11","guid":{"rendered":"https:\/\/www.mapiful.com\/product\/traram-svart\/"},"modified":"2023-04-04T14:59:29","modified_gmt":"2023-04-04T12:59:29","slug":"traram-svart","status":"publish","type":"product","link":"https:\/\/www.mapiful.com\/sv\/produkt\/traram-svart\/","title":{"rendered":"Tr\u00e4ram Svart"},"content":{"rendered":"<p><br data-mce-bogus=\"1\"><\/p>\n","protected":false},"excerpt":{"rendered":"<p>V\u00e5ra tr\u00e4rammar \u00e4r ett perfekt val f\u00f6r att visa upp dina prints. Tillverkad av h\u00f6gkvalitativt tr\u00e4 fr\u00e5n europa, och med en smidig och enkel l\u00f6sning f\u00f6r att montera din poster. Vi erbjuder tre ytbehandlingar, ek, svart och vit. Elegant design ger en touch av skandinavisk stil oavsett inredning och det 1mm tjocka kristallklara plexiglaset ger ett h\u00e5llbart och knivskarpt fokus.<\/p>\n","protected":false},"featured_media":1469890,"template":"","meta":[],"product_cat":[48,531],"product_tag":[],"class_list":["post-462676","product","type-product","status-publish","has-post-thumbnail","hentry","product_cat-frames-sv","product_cat-full-frames-sv","product_shipping_class-frames-sv"],"acf":[],"featured_image_urls_v2":{"full":["https:\/\/www.mapiful.com\/content\/uploads\/2019\/10\/Black-Wood-Frame-Front-View.jpg",1000,1000,false],"thumbnail":["https:\/\/www.mapiful.com\/content\/uploads\/2019\/10\/Black-Wood-Frame-Front-View-150x150.jpg",150,150,true],"medium":["https:\/\/www.mapiful.com\/content\/uploads\/2019\/10\/Black-Wood-Frame-Front-View-300x300.jpg",300,300,true],"medium_large":["https:\/\/www.mapiful.com\/content\/uploads\/2019\/10\/Black-Wood-Frame-Front-View-768x768.jpg",768,768,true],"large":["https:\/\/www.mapiful.com\/content\/uploads\/2019\/10\/Black-Wood-Frame-Front-View.jpg",1000,1000,false],"1536x1536":["https:\/\/www.mapiful.com\/content\/uploads\/2019\/10\/Black-Wood-Frame-Front-View.jpg",1000,1000,false],"2048x2048":["https:\/\/www.mapiful.com\/content\/uploads\/2019\/10\/Black-Wood-Frame-Front-View.jpg",1000,1000,false],"woocommerce_thumbnail":["https:\/\/www.mapiful.com\/content\/uploads\/2019\/10\/Black-Wood-Frame-Front-View-300x300.jpg",300,300,true],"woocommerce_single":["https:\/\/www.mapiful.com\/content\/uploads\/2019\/10\/Black-Wood-Frame-Front-View-600x600.jpg",600,600,true],"woocommerce_gallery_thumbnail":["https:\/\/www.mapiful.com\/content\/uploads\/2019\/10\/Black-Wood-Frame-Front-View-100x100.jpg",100,100,true],"wc_order_status_icon":["https:\/\/www.mapiful.com\/content\/uploads\/2019\/10\/Black-Wood-Frame-Front-View-32x32.jpg",32,32,true]},"post_excerpt_stackable_v2":"<p>V\u00e5ra tr\u00e4rammar \u00e4r ett perfekt val f\u00f6r att visa upp dina prints. Tillverkad av h\u00f6gkvalitativt tr\u00e4 fr\u00e5n europa, och med en smidig och enkel l\u00f6sning f\u00f6r att montera din poster. Vi erbjuder tre ytbehandlingar, ek, svart och vit. Elegant design ger en touch av skandinavisk stil oavsett inredning och det 1mm tjocka kristallklara plexiglaset ger ett h\u00e5llbart och knivskarpt fokus.<\/p>\n","category_list_v2":"","author_info_v2":{"name":"","url":""},"comments_num_v2":"0 comments","_links":{"self":[{"href":"https:\/\/www.mapiful.com\/sv\/wp-json\/wp\/v2\/product\/462676"}],"collection":[{"href":"https:\/\/www.mapiful.com\/sv\/wp-json\/wp\/v2\/product"}],"about":[{"href":"https:\/\/www.mapiful.com\/sv\/wp-json\/wp\/v2\/types\/product"}],"wp:featuredmedia":[{"embeddable":true,"href":"https:\/\/www.mapiful.com\/sv\/wp-json\/wp\/v2\/media\/1469890"}],"wp:attachment":[{"href":"https:\/\/www.mapiful.com\/sv\/wp-json\/wp\/v2\/media?parent=462676"}],"wp:term":[{"taxonomy":"product_cat","embeddable":true,"href":"https:\/\/www.mapiful.com\/sv\/wp-json\/wp\/v2\/product_cat?post=462676"},{"taxonomy":"product_tag","embeddable":true,"href":"https:\/\/www.mapiful.com\/sv\/wp-json\/wp\/v2\/product_tag?post=462676"}],"curies":[{"name":"wp","href":"https:\/\/api.w.org\/{rel}","templated":true}]}}